{"id":101,"date":"2020-08-24T13:13:51","date_gmt":"2020-08-24T11:13:51","guid":{"rendered":"https:\/\/preversion.sallesdangles.com\/?page_id=101"},"modified":"2025-06-23T22:06:39","modified_gmt":"2025-06-23T20:06:39","slug":"associations","status":"publish","type":"page","link":"https:\/\/sallesdangles.com\/index.php\/associations\/","title":{"rendered":"Associations"},"content":{"rendered":"\n<h2 class=\"wp-block-heading\">Associations pr\u00e9sentes sur la commune<\/h2>\n\n\n\n<div class=\"wp-block-columns is-layout-flex wp-container-core-columns-is-layout-9d6595d7 wp-block-columns-is-layout-flex\">\n<div class=\"wp-block-column is-layout-flow wp-block-column-is-layout-flow\" style=\"flex-basis:100%\">\n<div class=\"wp-block-columns is-layout-flex wp-container-core-columns-is-layout-9d6595d7 wp-block-columns-is-layout-flex\">\n<div class=\"wp-block-column is-layout-flow wp-block-column-is-layout-flow\"><div class=\"wp-block-image is-style-rounded\">\n<figure class=\"aligncenter size-thumbnail\"><a href=\"https:\/\/sallesdangles.com\/index.php\/associations\/amicale-des-anciens-combattants\/\"><img loading=\"lazy\" decoding=\"async\" width=\"150\" height=\"150\" src=\"https:\/\/sallesdangles.com\/wp-content\/uploads\/2021\/01\/DSC_0325-150x150.jpg\" alt=\"\" class=\"wp-image-5260\"\/><\/a><figcaption class=\"wp-element-caption\">Amicale des anciens combattants<\/figcaption><\/figure>\n<\/div>\n\n<div class=\"wp-block-image is-style-rounded\">\n<figure class=\"aligncenter size-thumbnail\"><a href=\"https:\/\/sallesdangles.com\/index.php\/associations\/assa-boules\/\"><img loading=\"lazy\" decoding=\"async\" width=\"150\" height=\"150\" src=\"https:\/\/sallesdangles.com\/wp-content\/uploads\/2021\/02\/petanque-381156_1920-150x150.jpg\" alt=\"\" class=\"wp-image-5665\"\/><\/a><figcaption class=\"wp-element-caption\">ASSA Boules<\/figcaption><\/figure>\n<\/div>\n\n<div class=\"wp-block-image is-style-rounded\">\n<figure class=\"aligncenter size-thumbnail\"><a href=\"https:\/\/sallesdangles.com\/index.php\/associations\/assa-gymnastique\/\"><img loading=\"lazy\" decoding=\"async\" width=\"150\" height=\"150\" src=\"https:\/\/sallesdangles.com\/wp-content\/uploads\/2021\/02\/african-american-3154867_1920-150x150.jpg\" alt=\"\" class=\"wp-image-5682\"\/><\/a><figcaption class=\"wp-element-caption\">ASSA Gymnastique<\/figcaption><\/figure>\n<\/div>\n\n<div class=\"wp-block-image is-style-rounded\">\n<figure class=\"aligncenter size-thumbnail\"><a href=\"https:\/\/sallesdangles.com\/index.php\/associations\/canikases\/\" rel=\"canikases\"><img loading=\"lazy\" decoding=\"async\" width=\"150\" height=\"150\" src=\"https:\/\/sallesdangles.com\/wp-content\/uploads\/2021\/02\/dogs-5471848_1920-150x150.jpg\" alt=\"\" class=\"wp-image-5688\" srcset=\"https:\/\/sallesdangles.com\/wp-content\/uploads\/2021\/02\/dogs-5471848_1920-150x150.jpg 150w, https:\/\/sallesdangles.com\/wp-content\/uploads\/2021\/02\/dogs-5471848_1920-300x300.jpg 300w, https:\/\/sallesdangles.com\/wp-content\/uploads\/2021\/02\/dogs-5471848_1920-1024x1024.jpg 1024w, https:\/\/sallesdangles.com\/wp-content\/uploads\/2021\/02\/dogs-5471848_1920-768x768.jpg 768w, https:\/\/sallesdangles.com\/wp-content\/uploads\/2021\/02\/dogs-5471848_1920-1536x1536.jpg 1536w, https:\/\/sallesdangles.com\/wp-content\/uploads\/2021\/02\/dogs-5471848_1920.jpg 1919w\" sizes=\"auto, (max-width: 150px) 100vw, 150px\" \/><\/a><figcaption class=\"wp-element-caption\">Can\u00eekases<\/figcaption><\/figure>\n<\/div>\n\n<div class=\"wp-block-image is-resized is-style-rounded\">\n<figure class=\"aligncenter size-large\"><a href=\"https:\/\/sallesdangles.com\/index.php\/2016\/12\/07\/quetou-quole\/\"><img loading=\"lazy\" decoding=\"async\" width=\"563\" height=\"520\" src=\"https:\/\/sallesdangles.com\/wp-content\/uploads\/2018\/01\/quetou-logo.jpg\" alt=\"quetou logo\" class=\"wp-image-6351\" srcset=\"https:\/\/sallesdangles.com\/wp-content\/uploads\/2018\/01\/quetou-logo.jpg 563w, https:\/\/sallesdangles.com\/wp-content\/uploads\/2018\/01\/quetou-logo-300x277.jpg 300w\" sizes=\"auto, (max-width: 563px) 100vw, 563px\" \/><\/a><figcaption class=\"wp-element-caption\">Qu&rsquo;\u00e9tou Qu&rsquo;ol\u00e9<br>Danse et th\u00e9\u00e2tre<\/figcaption><\/figure>\n<\/div><\/div>\n\n\n\n<div class=\"wp-block-column is-layout-flow wp-block-column-is-layout-flow\"><div class=\"wp-block-image is-style-rounded\">\n<figure class=\"aligncenter size-thumbnail is-resized\"><a href=\"https:\/\/sallesdangles.com\/index.php\/associations\/amicale-des-retraites\/\"><img loading=\"lazy\" decoding=\"async\" width=\"150\" height=\"150\" src=\"https:\/\/sallesdangles.com\/wp-content\/uploads\/2021\/02\/old-couple-2313286_1920-150x150.jpg\" alt=\"\" class=\"wp-image-5663\" style=\"width:150px;height:150px\"\/><\/a><figcaption class=\"wp-element-caption\">Amicale des retrait\u00e9s<\/figcaption><\/figure>\n<\/div>\n\n\n<p><\/p>\n\n\n\n<figure class=\"wp-block-image size-large\"><a href=\"https:\/\/sallesdangles.com\/index.php\/associations\/logo-comite-jumelage\/\"><img loading=\"lazy\" decoding=\"async\" width=\"1024\" height=\"1015\" src=\"https:\/\/sallesdangles.com\/wp-content\/uploads\/2025\/06\/logo-comite-jumelage-1024x1015.jpg\" alt=\"\" class=\"wp-image-10212\" srcset=\"https:\/\/sallesdangles.com\/wp-content\/uploads\/2025\/06\/logo-comite-jumelage-1024x1015.jpg 1024w, https:\/\/sallesdangles.com\/wp-content\/uploads\/2025\/06\/logo-comite-jumelage-300x297.jpg 300w, https:\/\/sallesdangles.com\/wp-content\/uploads\/2025\/06\/logo-comite-jumelage-150x150.jpg 150w, https:\/\/sallesdangles.com\/wp-content\/uploads\/2025\/06\/logo-comite-jumelage-768x761.jpg 768w, https:\/\/sallesdangles.com\/wp-content\/uploads\/2025\/06\/logo-comite-jumelage.jpg 1149w\" sizes=\"auto, (max-width: 1024px) 100vw, 1024px\" \/><\/a><figcaption class=\"wp-element-caption\">          Comit\u00e9 de Jumelage<\/figcaption><\/figure>\n\n\n<div class=\"wp-block-image is-style-rounded\">\n<figure class=\"aligncenter size-thumbnail\"><a href=\"https:\/\/sallesdangles.com\/index.php\/associations\/acca-chasse\/\"><img loading=\"lazy\" decoding=\"async\" width=\"150\" height=\"150\" src=\"https:\/\/sallesdangles.com\/wp-content\/uploads\/2021\/02\/animal-17760_1920-150x150.jpg\" alt=\"\" class=\"wp-image-5660\"\/><\/a><figcaption class=\"wp-element-caption\">ACCA Chasse<\/figcaption><\/figure>\n<\/div>\n\n<div class=\"wp-block-image is-style-rounded\">\n<figure class=\"aligncenter size-thumbnail\"><a href=\"https:\/\/sallesdangles.com\/index.php\/associations\/association-des-parents-deleves\/\"><img loading=\"lazy\" decoding=\"async\" width=\"150\" height=\"150\" src=\"https:\/\/sallesdangles.com\/wp-content\/uploads\/2021\/02\/family-2855812_1920-150x150.jpg\" alt=\"\" class=\"wp-image-5683\" srcset=\"https:\/\/sallesdangles.com\/wp-content\/uploads\/2021\/02\/family-2855812_1920-150x150.jpg 150w, https:\/\/sallesdangles.com\/wp-content\/uploads\/2021\/02\/family-2855812_1920-300x300.jpg 300w, https:\/\/sallesdangles.com\/wp-content\/uploads\/2021\/02\/family-2855812_1920-1024x1024.jpg 1024w, https:\/\/sallesdangles.com\/wp-content\/uploads\/2021\/02\/family-2855812_1920-768x768.jpg 768w, https:\/\/sallesdangles.com\/wp-content\/uploads\/2021\/02\/family-2855812_1920-1536x1536.jpg 1536w, https:\/\/sallesdangles.com\/wp-content\/uploads\/2021\/02\/family-2855812_1920.jpg 1920w\" sizes=\"auto, (max-width: 150px) 100vw, 150px\" \/><\/a><figcaption class=\"wp-element-caption\">Association des Parents d&rsquo;El\u00e8ves<\/figcaption><\/figure>\n<\/div>\n\n<div class=\"wp-block-image is-style-rounded\">\n<figure class=\"aligncenter size-thumbnail\"><a href=\"https:\/\/sallesdangles.com\/index.php\/associations\/comite-des-fetes-de-salles-dangles\/\"><img loading=\"lazy\" decoding=\"async\" width=\"150\" height=\"150\" src=\"https:\/\/sallesdangles.com\/wp-content\/uploads\/2021\/02\/cdfsallesdangles-150x150.png\" alt=\"\" class=\"wp-image-5692\" srcset=\"https:\/\/sallesdangles.com\/wp-content\/uploads\/2021\/02\/cdfsallesdangles-150x150.png 150w, https:\/\/sallesdangles.com\/wp-content\/uploads\/2021\/02\/cdfsallesdangles-300x300.png 300w, https:\/\/sallesdangles.com\/wp-content\/uploads\/2021\/02\/cdfsallesdangles.png 454w\" sizes=\"auto, (max-width: 150px) 100vw, 150px\" \/><\/a><figcaption class=\"wp-element-caption\">Comit\u00e9 des F\u00eates<\/figcaption><\/figure>\n<\/div>\n\n<div class=\"wp-block-image is-style-rounded\">\n<figure class=\"aligncenter size-thumbnail\"><a href=\"https:\/\/sallesdangles.com\/index.php\/associations\/sauvegarde-du-patrimoine\/\"><img loading=\"lazy\" decoding=\"async\" width=\"150\" height=\"150\" src=\"https:\/\/sallesdangles.com\/wp-content\/uploads\/2021\/02\/park-2039987_1280-150x150.png\" alt=\"\" class=\"wp-image-5702\"\/><\/a><figcaption class=\"wp-element-caption\">Sauvegarde du patrimoine<\/figcaption><\/figure>\n<\/div><\/div>\n\n\n\n<div class=\"wp-block-column is-layout-flow wp-block-column-is-layout-flow\"><div class=\"wp-block-image is-style-rounded\">\n<figure class=\"aligncenter size-thumbnail\"><a href=\"https:\/\/sallesdangles.com\/index.php\/associations\/animation-culturelle-salleenne\/\"><img loading=\"lazy\" decoding=\"async\" width=\"150\" height=\"150\" src=\"https:\/\/sallesdangles.com\/wp-content\/uploads\/2021\/02\/grapes-553464_1920-150x150.jpg\" alt=\"\" class=\"wp-image-5664\"\/><\/a><figcaption class=\"wp-element-caption\">Animation Culturelle Sall\u00e9enne<\/figcaption><\/figure>\n<\/div>\n\n<div class=\"wp-block-image is-style-rounded\">\n<figure class=\"aligncenter size-thumbnail\"><a href=\"https:\/\/sallesdangles.com\/index.php\/associations\/assa-football\/\"><img loading=\"lazy\" decoding=\"async\" width=\"150\" height=\"150\" src=\"https:\/\/sallesdangles.com\/wp-content\/uploads\/2021\/02\/football-1274661_1920-150x150.jpg\" alt=\"\" class=\"wp-image-5674\"\/><\/a><figcaption class=\"wp-element-caption\">ASSA Football<\/figcaption><\/figure>\n<\/div>\n\n<div class=\"wp-block-image is-style-rounded\">\n<figure class=\"aligncenter size-thumbnail\"><a href=\"https:\/\/sallesdangles.com\/index.php\/associations\/balen-soir\/\"><img loading=\"lazy\" decoding=\"async\" width=\"150\" height=\"150\" src=\"https:\/\/sallesdangles.com\/wp-content\/uploads\/2021\/02\/dancers-5311845_1920-150x150.jpg\" alt=\"\" class=\"wp-image-5686\"\/><\/a><figcaption class=\"wp-element-caption\">BAL&rsquo;en soir<\/figcaption><\/figure>\n<\/div>\n\n<div class=\"wp-block-image is-style-rounded\">\n<figure class=\"aligncenter size-thumbnail\"><a href=\"https:\/\/sallesdangles.com\/index.php\/associations\/shizen-karate-shotokan\/\"><img loading=\"lazy\" decoding=\"async\" width=\"150\" height=\"150\" src=\"https:\/\/sallesdangles.com\/wp-content\/uploads\/2021\/02\/silhouette-4948938_1280-150x150.png\" alt=\"\" class=\"wp-image-5705\"\/><\/a><figcaption class=\"wp-element-caption\">Shizen Karat\u00e9 Shotokan<\/figcaption><\/figure>\n<\/div><\/div>\n<\/div>\n\n\n\n<h2 class=\"wp-block-heading\"><\/h2>\n<\/div>\n<\/div>\n\n\n\n<p>Page en cours de r\u00e9organisation, merci pour votre compr\u00e9hensi<\/p>\n\n\n\n<h2 class=\"wp-block-heading\">Derni\u00e8res actualit\u00e9s dans la rubrique \u00ab\u00a0Associations\u00a0\u00bb<\/h2>\n\n\n<ul class=\"wp-block-latest-posts__list is-grid columns-3 has-dates wp-block-latest-posts\"><li><a class=\"wp-block-latest-posts__post-title\" href=\"https:\/\/sallesdangles.com\/index.php\/2025\/06\/23\/concours-de-petanque\/\">Concours de p\u00e9tanque<\/a><time datetime=\"2025-06-23T21:44:32+02:00\" class=\"wp-block-latest-posts__post-date\">23 juin 2025<\/time><div class=\"wp-block-latest-posts__post-excerpt\"><\/div><\/li>\n<li><a class=\"wp-block-latest-posts__post-title\" href=\"https:\/\/sallesdangles.com\/index.php\/2025\/04\/03\/comite-de-jumelage\/\">Comit\u00e9 de Jumelage<\/a><time datetime=\"2025-04-03T09:52:11+02:00\" class=\"wp-block-latest-posts__post-date\">3 avril 2025<\/time><div class=\"wp-block-latest-posts__post-excerpt\"><\/div><\/li>\n<li><a class=\"wp-block-latest-posts__post-title\" href=\"https:\/\/sallesdangles.com\/index.php\/2025\/03\/26\/repas-des-chasseurs\/\">REPAS DES CHASSEURS<\/a><time datetime=\"2025-03-26T09:41:49+01:00\" class=\"wp-block-latest-posts__post-date\">26 mars 2025<\/time><div class=\"wp-block-latest-posts__post-excerpt\"><\/div><\/li>\n<li><a class=\"wp-block-latest-posts__post-title\" href=\"https:\/\/sallesdangles.com\/index.php\/2025\/03\/26\/bal-folk-3\/\">BAL FOLK<\/a><time datetime=\"2025-03-26T09:38:14+01:00\" class=\"wp-block-latest-posts__post-date\">26 mars 2025<\/time><div class=\"wp-block-latest-posts__post-excerpt\"><\/div><\/li>\n<li><a class=\"wp-block-latest-posts__post-title\" href=\"https:\/\/sallesdangles.com\/index.php\/2025\/01\/24\/2025-10-autorisation-bal-public-pour-le-25-012025\/\">2025-10 AUTORISATION BAL PUBLIC POUR LE 25\/012025<\/a><time datetime=\"2025-01-24T16:36:05+01:00\" class=\"wp-block-latest-posts__post-date\">24 janvier 2025<\/time><div class=\"wp-block-latest-posts__post-excerpt\"><\/div><\/li>\n<li><a class=\"wp-block-latest-posts__post-title\" href=\"https:\/\/sallesdangles.com\/index.php\/2024\/03\/01\/arrete-dinterdiction-temporaire-dutiliser-le-terrain-de-football-du-1er-au-3-mars-2024\/\">Arr\u00eat\u00e9 d&rsquo;interdiction temporaire d&rsquo;utiliser le terrain de football du 1er au 3 mars 2024<\/a><time datetime=\"2024-03-01T18:10:00+01:00\" class=\"wp-block-latest-posts__post-date\">1 mars 2024<\/time><div class=\"wp-block-latest-posts__post-excerpt\"><\/div><\/li>\n<li><a class=\"wp-block-latest-posts__post-title\" href=\"https:\/\/sallesdangles.com\/index.php\/2023\/12\/07\/arrete-interdiction-temporaire-dutiliser-le-terrain-de-football-du-08-au-10-12-2023\/\">ARR\u00caT\u00c9 : Interdiction temporaire d&rsquo;utiliser le terrain de football : du 08 au 10\/12\/2023<\/a><time datetime=\"2023-12-07T17:34:28+01:00\" class=\"wp-block-latest-posts__post-date\">7 d\u00e9cembre 2023<\/time><div class=\"wp-block-latest-posts__post-excerpt\"><\/div><\/li>\n<li><a class=\"wp-block-latest-posts__post-title\" href=\"https:\/\/sallesdangles.com\/index.php\/2023\/12\/01\/declaration-de-piegeage-jusquau-30-11-2026\/\">DECLARATION  DE PIEGEAGE JUSQU&rsquo;AU 30\/11\/2026<\/a><time datetime=\"2023-12-01T16:55:02+01:00\" class=\"wp-block-latest-posts__post-date\">1 d\u00e9cembre 2023<\/time><div class=\"wp-block-latest-posts__post-excerpt\"><\/div><\/li>\n<li><div class=\"wp-block-latest-posts__featured-image alignleft\"><img loading=\"lazy\" decoding=\"async\" width=\"150\" height=\"150\" src=\"https:\/\/sallesdangles.com\/wp-content\/uploads\/2018\/11\/repas-150x150.jpg\" class=\"attachment-thumbnail size-thumbnail wp-post-image\" alt=\"clipart repas\" style=\"\" \/><\/div><a class=\"wp-block-latest-posts__post-title\" href=\"https:\/\/sallesdangles.com\/index.php\/2023\/03\/06\/diner-dansant-de-la-chasse\/\">Diner dansant de la chasse<\/a><time datetime=\"2023-03-06T17:40:36+01:00\" class=\"wp-block-latest-posts__post-date\">6 mars 2023<\/time><div class=\"wp-block-latest-posts__post-excerpt\"><\/div><\/li>\n<li><a class=\"wp-block-latest-posts__post-title\" href=\"https:\/\/sallesdangles.com\/index.php\/2023\/03\/06\/concert-samedi-18-mars-a-17-h-30\/\">Concert &#8211; samedi 18 mars \u00e0 17 h 30<\/a><time datetime=\"2023-03-06T17:39:26+01:00\" class=\"wp-block-latest-posts__post-date\">6 mars 2023<\/time><div class=\"wp-block-latest-posts__post-excerpt\"><\/div><\/li>\n<li><div class=\"wp-block-latest-posts__featured-image alignleft\"><img loading=\"lazy\" decoding=\"async\" width=\"150\" height=\"150\" src=\"https:\/\/sallesdangles.com\/wp-content\/uploads\/2018\/03\/theatre-150x150.jpg\" class=\"attachment-thumbnail size-thumbnail wp-post-image\" alt=\"theatre\" style=\"\" \/><\/div><a class=\"wp-block-latest-posts__post-title\" href=\"https:\/\/sallesdangles.com\/index.php\/2023\/03\/01\/theatre-patoisant\/\">THEATRE PATOISANT<\/a><time datetime=\"2023-03-01T11:05:08+01:00\" class=\"wp-block-latest-posts__post-date\">1 mars 2023<\/time><div class=\"wp-block-latest-posts__post-excerpt\"><\/div><\/li>\n<li><div class=\"wp-block-latest-posts__featured-image alignleft\"><img loading=\"lazy\" decoding=\"async\" width=\"150\" height=\"150\" src=\"https:\/\/sallesdangles.com\/wp-content\/uploads\/2017\/03\/theatre-clip-art-RiG7XL4xT-150x150.gif\" class=\"attachment-thumbnail size-thumbnail wp-post-image\" alt=\"\" style=\"\" \/><\/div><a class=\"wp-block-latest-posts__post-title\" href=\"https:\/\/sallesdangles.com\/index.php\/2022\/03\/31\/theatre\/\">THEATRE<\/a><time datetime=\"2022-03-31T10:47:23+02:00\" class=\"wp-block-latest-posts__post-date\">31 mars 2022<\/time><div class=\"wp-block-latest-posts__post-excerpt\"><\/div><\/li>\n<li><a class=\"wp-block-latest-posts__post-title\" href=\"https:\/\/sallesdangles.com\/index.php\/2022\/03\/05\/soiree-tartiflette-blind-test\/\">Soir\u00e9e TARTIFLETTE &#8211; BLIND TEST<\/a><time datetime=\"2022-03-05T11:38:14+01:00\" class=\"wp-block-latest-posts__post-date\">5 mars 2022<\/time><div class=\"wp-block-latest-posts__post-excerpt\"><\/div><\/li>\n<li><div class=\"wp-block-latest-posts__featured-image alignleft\"><img loading=\"lazy\" decoding=\"async\" width=\"150\" height=\"150\" src=\"https:\/\/sallesdangles.com\/wp-content\/uploads\/2018\/11\/telethon-150x150.jpg\" class=\"attachment-thumbnail size-thumbnail wp-post-image\" alt=\"telethon\" style=\"\" \/><\/div><a class=\"wp-block-latest-posts__post-title\" href=\"https:\/\/sallesdangles.com\/index.php\/2021\/12\/05\/telethon\/\">TELETHON<\/a><time datetime=\"2021-12-05T20:35:32+01:00\" class=\"wp-block-latest-posts__post-date\">5 d\u00e9cembre 2021<\/time><div class=\"wp-block-latest-posts__post-excerpt\">T\u00e9l\u00e9thon de Salles d&rsquo;Angles, Angeac-Champagne,Gensac la Pallue \u2013 Gent\u00e9 \u2013\u2026 <a class=\"wp-block-latest-posts__read-more\" href=\"https:\/\/sallesdangles.com\/index.php\/2021\/12\/05\/telethon\/\" rel=\"noopener noreferrer\">Lire la suite<span class=\"screen-reader-text\">\u00a0: TELETHON<\/span><\/a><\/div><\/li>\n<li><div class=\"wp-block-latest-posts__featured-image alignleft\"><img loading=\"lazy\" decoding=\"async\" width=\"150\" height=\"150\" src=\"https:\/\/sallesdangles.com\/wp-content\/uploads\/2018\/04\/nettoyage-commune-2-150x150.jpg\" class=\"attachment-thumbnail size-thumbnail wp-post-image\" alt=\"nettoyage commune 2\" style=\"\" \/><\/div><a class=\"wp-block-latest-posts__post-title\" href=\"https:\/\/sallesdangles.com\/index.php\/2021\/05\/10\/nettoyage-de-la-commune\/\">Nettoyage de la commune<\/a><time datetime=\"2021-05-10T18:30:45+02:00\" class=\"wp-block-latest-posts__post-date\">10 mai 2021<\/time><div class=\"wp-block-latest-posts__post-excerpt\">L\u2019Association de la Chasse et la municipalit\u00e9 s\u2019associent pour organiser\u2026 <a class=\"wp-block-latest-posts__read-more\" href=\"https:\/\/sallesdangles.com\/index.php\/2021\/05\/10\/nettoyage-de-la-commune\/\" rel=\"noopener noreferrer\">Lire la suite<span class=\"screen-reader-text\">\u00a0: Nettoyage de la commune<\/span><\/a><\/div><\/li>\n<li><div class=\"wp-block-latest-posts__featured-image alignleft\"><img loading=\"lazy\" decoding=\"async\" width=\"150\" height=\"150\" src=\"https:\/\/sallesdangles.com\/wp-content\/uploads\/2020\/08\/brocante-2020-1-150x150.png\" class=\"attachment-thumbnail size-thumbnail wp-post-image\" alt=\"brocante 2020\" style=\"\" \/><\/div><a class=\"wp-block-latest-posts__post-title\" href=\"https:\/\/sallesdangles.com\/index.php\/2020\/08\/22\/brocante-le-20-septembre-2020\/\">Brocante le 20 septembre 2020<\/a><time datetime=\"2020-08-22T19:34:13+02:00\" class=\"wp-block-latest-posts__post-date\">22 ao\u00fbt 2020<\/time><div class=\"wp-block-latest-posts__post-excerpt\">N&rsquo;oubliez pas de prendre vos r\u00e9servations pour la brocante du\u2026 <a class=\"wp-block-latest-posts__read-more\" href=\"https:\/\/sallesdangles.com\/index.php\/2020\/08\/22\/brocante-le-20-septembre-2020\/\" rel=\"noopener noreferrer\">Lire la suite<span class=\"screen-reader-text\">\u00a0: Brocante le 20 septembre 2020<\/span><\/a><\/div><\/li>\n<li><div class=\"wp-block-latest-posts__featured-image alignleft\"><img loading=\"lazy\" decoding=\"async\" width=\"150\" height=\"150\" src=\"https:\/\/sallesdangles.com\/wp-content\/uploads\/2020\/07\/bouchons-liege-dechets-150x150.jpg\" class=\"attachment-thumbnail size-thumbnail wp-post-image\" alt=\"brocante 2020\" style=\"\" \/><\/div><a class=\"wp-block-latest-posts__post-title\" href=\"https:\/\/sallesdangles.com\/index.php\/2020\/07\/07\/operation-recyclage-ecobouchon\/\">OPERATION RECYCLAGE : ECOBOUCHON<\/a><time datetime=\"2020-07-07T07:17:05+02:00\" class=\"wp-block-latest-posts__post-date\">7 juillet 2020<\/time><div class=\"wp-block-latest-posts__post-excerpt\">Op\u00e9ration recyclage : ECOBOUCHON. Une urne est \u00e0 votre disposition\u2026 <a class=\"wp-block-latest-posts__read-more\" href=\"https:\/\/sallesdangles.com\/index.php\/2020\/07\/07\/operation-recyclage-ecobouchon\/\" rel=\"noopener noreferrer\">Lire la suite<span class=\"screen-reader-text\">\u00a0: OPERATION RECYCLAGE : ECOBOUCHON<\/span><\/a><\/div><\/li>\n<li><div class=\"wp-block-latest-posts__featured-image alignleft\"><img loading=\"lazy\" decoding=\"async\" width=\"150\" height=\"150\" src=\"https:\/\/sallesdangles.com\/wp-content\/uploads\/2020\/07\/comite-fete-SA-150x150.png\" class=\"attachment-thumbnail size-thumbnail wp-post-image\" alt=\"comite fete SA\" style=\"\" srcset=\"https:\/\/sallesdangles.com\/wp-content\/uploads\/2020\/07\/comite-fete-SA-150x150.png 150w, https:\/\/sallesdangles.com\/wp-content\/uploads\/2020\/07\/comite-fete-SA-300x300.png 300w, https:\/\/sallesdangles.com\/wp-content\/uploads\/2020\/07\/comite-fete-SA.png 454w\" sizes=\"auto, (max-width: 150px) 100vw, 150px\" \/><\/div><a class=\"wp-block-latest-posts__post-title\" href=\"https:\/\/sallesdangles.com\/index.php\/2020\/07\/06\/programme-du-comite-des-fetes\/\">Programme du Comit\u00e9 Des F\u00eates<\/a><time datetime=\"2020-07-06T18:53:49+02:00\" class=\"wp-block-latest-posts__post-date\">6 juillet 2020<\/time><div class=\"wp-block-latest-posts__post-excerpt\"><\/div><\/li>\n<li><div class=\"wp-block-latest-posts__featured-image alignleft\"><img loading=\"lazy\" decoding=\"async\" width=\"150\" height=\"150\" src=\"https:\/\/sallesdangles.com\/wp-content\/uploads\/2015\/03\/terrain_de_foot-150x150.jpg\" class=\"attachment-thumbnail size-thumbnail wp-post-image\" alt=\"Terrain de Foot\" style=\"\" \/><\/div><a class=\"wp-block-latest-posts__post-title\" href=\"https:\/\/sallesdangles.com\/index.php\/2020\/06\/09\/recrutement-football-saison-2020-2021\/\">Recrutement football saison 2020\/2021<\/a><time datetime=\"2020-06-09T17:54:39+02:00\" class=\"wp-block-latest-posts__post-date\">9 juin 2020<\/time><div class=\"wp-block-latest-posts__post-excerpt\"><\/div><\/li>\n<li><div class=\"wp-block-latest-posts__featured-image alignleft\"><img loading=\"lazy\" decoding=\"async\" width=\"150\" height=\"150\" src=\"https:\/\/sallesdangles.com\/wp-content\/uploads\/2020\/01\/loto-150x150.jpg\" class=\"attachment-thumbnail size-thumbnail wp-post-image\" alt=\"\" style=\"\" srcset=\"https:\/\/sallesdangles.com\/wp-content\/uploads\/2020\/01\/loto-150x150.jpg 150w, https:\/\/sallesdangles.com\/wp-content\/uploads\/2020\/01\/loto-300x300.jpg 300w, https:\/\/sallesdangles.com\/wp-content\/uploads\/2020\/01\/loto.jpg 346w\" sizes=\"auto, (max-width: 150px) 100vw, 150px\" \/><\/div><a class=\"wp-block-latest-posts__post-title\" href=\"https:\/\/sallesdangles.com\/index.php\/2020\/01\/19\/loto-des-ecoles\/\">Loto des \u00e9coles<\/a><time datetime=\"2020-01-19T17:42:18+01:00\" class=\"wp-block-latest-posts__post-date\">19 janvier 2020<\/time><div class=\"wp-block-latest-posts__post-excerpt\"><\/div><\/li>\n<\/ul>","protected":false},"excerpt":{"rendered":"<p>Associations pr\u00e9sentes sur la commune Page en cours de r\u00e9organisation, merci pour votre compr\u00e9hensi Derni\u00e8res actualit\u00e9s dans la rubrique \u00ab\u00a0Associations\u00a0\u00bb<\/p>\n","protected":false},"author":2,"featured_media":62,"parent":0,"menu_order":0,"comment_status":"closed","ping_status":"closed","template":"","meta":{"footnotes":""},"class_list":["post-101","page","type-page","status-publish","has-post-thumbnail","hentry"],"_links":{"self":[{"href":"https:\/\/sallesdangles.com\/index.php\/wp-json\/wp\/v2\/pages\/101","targetHints":{"allow":["GET"]}}],"collection":[{"href":"https:\/\/sallesdangles.com\/index.php\/wp-json\/wp\/v2\/pages"}],"about":[{"href":"https:\/\/sallesdangles.com\/index.php\/wp-json\/wp\/v2\/types\/page"}],"author":[{"embeddable":true,"href":"https:\/\/sallesdangles.com\/index.php\/wp-json\/wp\/v2\/users\/2"}],"replies":[{"embeddable":true,"href":"https:\/\/sallesdangles.com\/index.php\/wp-json\/wp\/v2\/comments?post=101"}],"version-history":[{"count":64,"href":"https:\/\/sallesdangles.com\/index.php\/wp-json\/wp\/v2\/pages\/101\/revisions"}],"predecessor-version":[{"id":10218,"href":"https:\/\/sallesdangles.com\/index.php\/wp-json\/wp\/v2\/pages\/101\/revisions\/10218"}],"wp:featuredmedia":[{"embeddable":true,"href":"https:\/\/sallesdangles.com\/index.php\/wp-json\/wp\/v2\/media\/62"}],"wp:attachment":[{"href":"https:\/\/sallesdangles.com\/index.php\/wp-json\/wp\/v2\/media?parent=101"}],"curies":[{"name":"wp","href":"https:\/\/api.w.org\/{rel}","templated":true}]}}