{"id":6174,"date":"2021-03-21T12:30:27","date_gmt":"2021-03-21T11:30:27","guid":{"rendered":"https:\/\/sallesdangles.com\/?page_id=6174"},"modified":"2023-11-04T10:45:13","modified_gmt":"2023-11-04T09:45:13","slug":"amicale-des-retraites","status":"publish","type":"page","link":"https:\/\/sallesdangles.com\/index.php\/associations\/amicale-des-retraites\/","title":{"rendered":"Amicale des retrait\u00e9s"},"content":{"rendered":"\n<p>Pr\u00e9sidente: Marie Th\u00e9r\u00e8se Cousin 05 45 83 71 28<\/p>\n\n\n\n<p><a href=\"https:\/\/www.journal-officiel.gouv.fr\/pages\/associations-detail-annonce\/?q.id=id:199200100309\" target=\"_blank\" rel=\"noreferrer noopener\">https:\/\/www.journal-officiel.gouv.fr\/pages\/associations-detail-annonce\/?q.id=id:199200100309<\/a><\/p>\n","protected":false},"excerpt":{"rendered":"<p>Pr\u00e9sidente: Marie Th\u00e9r\u00e8se Cousin 05 45 83 71 28 https:\/\/www.journal-officiel.gouv.fr\/pages\/associations-detail-annonce\/?q.id=id:199200100309<\/p>\n","protected":false},"author":2,"featured_media":0,"parent":101,"menu_order":0,"comment_status":"closed","ping_status":"closed","template":"","meta":{"footnotes":""},"class_list":["post-6174","page","type-page","status-publish","hentry"],"_links":{"self":[{"href":"https:\/\/sallesdangles.com\/index.php\/wp-json\/wp\/v2\/pages\/6174","targetHints":{"allow":["GET"]}}],"collection":[{"href":"https:\/\/sallesdangles.com\/index.php\/wp-json\/wp\/v2\/pages"}],"about":[{"href":"https:\/\/sallesdangles.com\/index.php\/wp-json\/wp\/v2\/types\/page"}],"author":[{"embeddable":true,"href":"https:\/\/sallesdangles.com\/index.php\/wp-json\/wp\/v2\/users\/2"}],"replies":[{"embeddable":true,"href":"https:\/\/sallesdangles.com\/index.php\/wp-json\/wp\/v2\/comments?post=6174"}],"version-history":[{"count":2,"href":"https:\/\/sallesdangles.com\/index.php\/wp-json\/wp\/v2\/pages\/6174\/revisions"}],"predecessor-version":[{"id":8878,"href":"https:\/\/sallesdangles.com\/index.php\/wp-json\/wp\/v2\/pages\/6174\/revisions\/8878"}],"up":[{"embeddable":true,"href":"https:\/\/sallesdangles.com\/index.php\/wp-json\/wp\/v2\/pages\/101"}],"wp:attachment":[{"href":"https:\/\/sallesdangles.com\/index.php\/wp-json\/wp\/v2\/media?parent=6174"}],"curies":[{"name":"wp","href":"https:\/\/api.w.org\/{rel}","templated":true}]}}