{"id":6190,"date":"2021-03-21T12:32:37","date_gmt":"2021-03-21T11:32:37","guid":{"rendered":"https:\/\/sallesdangles.com\/?page_id=6190"},"modified":"2023-11-02T17:05:06","modified_gmt":"2023-11-02T16:05:06","slug":"comite-des-fetes-de-salles-dangles","status":"publish","type":"page","link":"https:\/\/sallesdangles.com\/index.php\/associations\/comite-des-fetes-de-salles-dangles\/","title":{"rendered":"Comit\u00e9 des F\u00eates"},"content":{"rendered":"\n<h2 class=\"wp-block-heading\">Extrait des statuts de l&rsquo;association<\/h2>\n\n\n\n<p><strong>Article 2 : Objet Social<\/strong><br>Le Comit\u00e9 des F\u00eates de Salles d&rsquo;Angles a pour objet d&rsquo;organiser des manifestions ou la participation active \u00e0 des manifestations lors des f\u00eates de la commune de Salles d&rsquo;Angles (Brocante; F\u00eate foraine; Cin\u00e9ma en plein air; Exposition; March\u00e9 de nuit; F\u00eate d&rsquo;halloween; Illumination de sapin de no\u00ebl; March\u00e9 de no\u00ebl; Bal; Repas avec animation; Feu d&rsquo;artifice; Tenue de buvette et d&rsquo;espace de restauration rapide lors des manifestations; Manifestation caritative; Mardi gras, carnaval).<\/p>\n\n\n\n<p><a href=\"https:\/\/www.journal-officiel.gouv.fr\/associations\/detail-annonce\/associations_b\/20190033\/148\" target=\"_blank\" rel=\"noreferrer noopener\">https:\/\/www.journal-officiel.gouv.fr\/associations\/detail-annonce\/associations_b\/20190033\/148<\/a><\/p>\n\n\n\n<h2 class=\"wp-block-heading\">Composition du bureau<\/h2>\n\n\n\n<p><em>(octobre 2023)<\/em><\/p>\n\n\n\n<ul class=\"wp-block-list\">\n<li>Pr\u00e9sident : Alexandre LACROIX-PERRIN<\/li>\n\n\n\n<li>Tr\u00e9sori\u00e8re : Alexandra BROSSARD<\/li>\n\n\n\n<li>Secr\u00e9taire : Wesley DERET<\/li>\n<\/ul>\n\n\n\n<h2 class=\"wp-block-heading\">Logo de l&rsquo;association<\/h2>\n\n\n\n<figure class=\"wp-block-image size-large is-resized\"><img loading=\"lazy\" decoding=\"async\" width=\"538\" height=\"455\" src=\"https:\/\/sallesdangles.com\/wp-content\/uploads\/2021\/07\/logo-CDFSallesdAngles_V2.png\" alt=\"\" class=\"wp-image-6978\" style=\"width:269px;height:228px\" srcset=\"https:\/\/sallesdangles.com\/wp-content\/uploads\/2021\/07\/logo-CDFSallesdAngles_V2.png 538w, https:\/\/sallesdangles.com\/wp-content\/uploads\/2021\/07\/logo-CDFSallesdAngles_V2-300x254.png 300w\" sizes=\"auto, (max-width: 538px) 100vw, 538px\" \/><\/figure>\n","protected":false},"excerpt":{"rendered":"<p>Extrait des statuts de l&rsquo;association Article 2 : Objet SocialLe Comit\u00e9 des F\u00eates de Salles d&rsquo;Angles a pour objet d&rsquo;organiser des manifestions ou la participation active \u00e0 des manifestations lors des f\u00eates de la commune de Salles d&rsquo;Angles (Brocante; F\u00eate foraine; Cin\u00e9ma en plein air; Exposition; March\u00e9 de nuit; F\u00eate d&rsquo;halloween; Illumination de sapin de [&hellip;]<\/p>\n","protected":false},"author":2,"featured_media":0,"parent":101,"menu_order":0,"comment_status":"closed","ping_status":"closed","template":"","meta":{"footnotes":""},"class_list":["post-6190","page","type-page","status-publish","hentry"],"_links":{"self":[{"href":"https:\/\/sallesdangles.com\/index.php\/wp-json\/wp\/v2\/pages\/6190","targetHints":{"allow":["GET"]}}],"collection":[{"href":"https:\/\/sallesdangles.com\/index.php\/wp-json\/wp\/v2\/pages"}],"about":[{"href":"https:\/\/sallesdangles.com\/index.php\/wp-json\/wp\/v2\/types\/page"}],"author":[{"embeddable":true,"href":"https:\/\/sallesdangles.com\/index.php\/wp-json\/wp\/v2\/users\/2"}],"replies":[{"embeddable":true,"href":"https:\/\/sallesdangles.com\/index.php\/wp-json\/wp\/v2\/comments?post=6190"}],"version-history":[{"count":18,"href":"https:\/\/sallesdangles.com\/index.php\/wp-json\/wp\/v2\/pages\/6190\/revisions"}],"predecessor-version":[{"id":8868,"href":"https:\/\/sallesdangles.com\/index.php\/wp-json\/wp\/v2\/pages\/6190\/revisions\/8868"}],"up":[{"embeddable":true,"href":"https:\/\/sallesdangles.com\/index.php\/wp-json\/wp\/v2\/pages\/101"}],"wp:attachment":[{"href":"https:\/\/sallesdangles.com\/index.php\/wp-json\/wp\/v2\/media?parent=6190"}],"curies":[{"name":"wp","href":"https:\/\/api.w.org\/{rel}","templated":true}]}}