{"id":6804,"date":"2021-03-30T18:30:15","date_gmt":"2021-03-30T16:30:15","guid":{"rendered":"https:\/\/sallesdangles.com\/?page_id=6804"},"modified":"2021-07-14T17:05:43","modified_gmt":"2021-07-14T15:05:43","slug":"le-patrimoine","status":"publish","type":"page","link":"https:\/\/sallesdangles.com\/index.php\/le-patrimoine\/","title":{"rendered":"Le patrimoine"},"content":{"rendered":"<ul class=\"wp-block-latest-posts__list is-grid columns-3 wp-block-latest-posts\"><li><div class=\"wp-block-latest-posts__featured-image alignright\"><a href=\"https:\/\/sallesdangles.com\/index.php\/2021\/04\/12\/lhistoire-de-salles-dangles-2\/\" aria-label=\"L&rsquo;histoire de Salles d&rsquo;Angles\"><img loading=\"lazy\" decoding=\"async\" width=\"300\" height=\"381\" src=\"https:\/\/sallesdangles.com\/wp-content\/uploads\/2021\/04\/blason-Salles-dAngles.jpg\" class=\"attachment-large size-large wp-post-image\" alt=\"\" style=\"\" srcset=\"https:\/\/sallesdangles.com\/wp-content\/uploads\/2021\/04\/blason-Salles-dAngles.jpg 300w, https:\/\/sallesdangles.com\/wp-content\/uploads\/2021\/04\/blason-Salles-dAngles-236x300.jpg 236w\" sizes=\"auto, (max-width: 300px) 100vw, 300px\" \/><\/a><\/div><a class=\"wp-block-latest-posts__post-title\" href=\"https:\/\/sallesdangles.com\/index.php\/2021\/04\/12\/lhistoire-de-salles-dangles-2\/\">L&rsquo;histoire de Salles d&rsquo;Angles<\/a><div class=\"wp-block-latest-posts__post-excerpt\">Les foss\u00e9s circulaires protohistoriques de Champ Commun et du Grand Peu de Sang, les divers vestiges de constructions gallo-romaines sur\u2026 <a class=\"wp-block-latest-posts__read-more\" href=\"https:\/\/sallesdangles.com\/index.php\/2021\/04\/12\/lhistoire-de-salles-dangles-2\/\" rel=\"noopener noreferrer\">Lire la suite<span class=\"screen-reader-text\">\u00a0: L&rsquo;histoire de Salles d&rsquo;Angles<\/span><\/a><\/div><\/li>\n<li><div class=\"wp-block-latest-posts__featured-image alignright\"><a href=\"https:\/\/sallesdangles.com\/index.php\/2020\/06\/15\/histoire-de-salles-dangles\/\" aria-label=\"Informations g\u00e9n\u00e9rales\"><img loading=\"lazy\" decoding=\"async\" width=\"260\" height=\"140\" src=\"https:\/\/sallesdangles.com\/wp-content\/uploads\/2014\/10\/village.png\" class=\"attachment-large size-large wp-post-image\" alt=\"Salles d&#039;Angles\" style=\"\" \/><\/a><\/div><a class=\"wp-block-latest-posts__post-title\" href=\"https:\/\/sallesdangles.com\/index.php\/2020\/06\/15\/histoire-de-salles-dangles\/\">Informations g\u00e9n\u00e9rales<\/a><div class=\"wp-block-latest-posts__post-excerpt\">Avantages et inconv\u00e9nients de sa situation, le bourg s\u2019\u00e9tire sur pr\u00e8s de 2km le long de la route d\u00e9partementale 731.\u2026 <a class=\"wp-block-latest-posts__read-more\" href=\"https:\/\/sallesdangles.com\/index.php\/2020\/06\/15\/histoire-de-salles-dangles\/\" rel=\"noopener noreferrer\">Lire la suite<span class=\"screen-reader-text\">\u00a0: Informations g\u00e9n\u00e9rales<\/span><\/a><\/div><\/li>\n<li><div class=\"wp-block-latest-posts__featured-image alignright\"><a href=\"https:\/\/sallesdangles.com\/index.php\/2020\/04\/01\/le-jardin-du-presbytere\/\" aria-label=\"Le jardin du presbyt\u00e8re\"><img loading=\"lazy\" decoding=\"async\" width=\"800\" height=\"600\" src=\"https:\/\/sallesdangles.com\/wp-content\/uploads\/2015\/04\/presbytere-jardin.jpg\" class=\"attachment-large size-large wp-post-image\" alt=\"\" style=\"\" srcset=\"https:\/\/sallesdangles.com\/wp-content\/uploads\/2015\/04\/presbytere-jardin.jpg 800w, https:\/\/sallesdangles.com\/wp-content\/uploads\/2015\/04\/presbytere-jardin-300x225.jpg 300w, https:\/\/sallesdangles.com\/wp-content\/uploads\/2015\/04\/presbytere-jardin-768x576.jpg 768w\" sizes=\"auto, (max-width: 800px) 100vw, 800px\" \/><\/a><\/div><a class=\"wp-block-latest-posts__post-title\" href=\"https:\/\/sallesdangles.com\/index.php\/2020\/04\/01\/le-jardin-du-presbytere\/\">Le jardin du presbyt\u00e8re<\/a><div class=\"wp-block-latest-posts__post-excerpt\">Le jardin du Presbyt\u00e8re: Le presbyt\u00e8re fut construit en 1772. Son jardin est inscrit au patrimoine depuis 1991 pour ses\u2026 <a class=\"wp-block-latest-posts__read-more\" href=\"https:\/\/sallesdangles.com\/index.php\/2020\/04\/01\/le-jardin-du-presbytere\/\" rel=\"noopener noreferrer\">Lire la suite<span class=\"screen-reader-text\">\u00a0: Le jardin du presbyt\u00e8re<\/span><\/a><\/div><\/li>\n<li><div class=\"wp-block-latest-posts__featured-image alignright\"><a href=\"https:\/\/sallesdangles.com\/index.php\/2020\/04\/01\/eglise-saint-maurice\/\" aria-label=\"\u00c9glise Saint Maurice\"><img loading=\"lazy\" decoding=\"async\" width=\"400\" height=\"599\" src=\"https:\/\/sallesdangles.com\/wp-content\/uploads\/2015\/04\/305978-allee-devans-eglise-.jpg\" class=\"attachment-large size-large wp-post-image\" alt=\"\" style=\"\" srcset=\"https:\/\/sallesdangles.com\/wp-content\/uploads\/2015\/04\/305978-allee-devans-eglise-.jpg 400w, https:\/\/sallesdangles.com\/wp-content\/uploads\/2015\/04\/305978-allee-devans-eglise--200x300.jpg 200w\" sizes=\"auto, (max-width: 400px) 100vw, 400px\" \/><\/a><\/div><a class=\"wp-block-latest-posts__post-title\" href=\"https:\/\/sallesdangles.com\/index.php\/2020\/04\/01\/eglise-saint-maurice\/\">\u00c9glise Saint Maurice<\/a><div class=\"wp-block-latest-posts__post-excerpt\">L&rsquo;\u00e9glise paroissiale Saint Maurice Elle est une des rares \u00e9glises gothiques de la r\u00e9gion, elle se distingue par son haut\u2026 <a class=\"wp-block-latest-posts__read-more\" href=\"https:\/\/sallesdangles.com\/index.php\/2020\/04\/01\/eglise-saint-maurice\/\" rel=\"noopener noreferrer\">Lire la suite<span class=\"screen-reader-text\">\u00a0: \u00c9glise Saint Maurice<\/span><\/a><\/div><\/li>\n<li><div class=\"wp-block-latest-posts__featured-image alignright\"><a href=\"https:\/\/sallesdangles.com\/index.php\/2018\/03\/16\/2-circuits-de-randonnee-sur-la-commune\/\" aria-label=\"2 CIRCUITS DE RANDONNEE SUR LA COMMUNE\"><img loading=\"lazy\" decoding=\"async\" width=\"1024\" height=\"682\" src=\"https:\/\/sallesdangles.com\/wp-content\/uploads\/2018\/03\/randonnee2-1024x682.jpg\" class=\"attachment-large size-large wp-post-image\" alt=\"randonn\u00e9e2\" style=\"\" srcset=\"https:\/\/sallesdangles.com\/wp-content\/uploads\/2018\/03\/randonnee2-1024x682.jpg 1024w, https:\/\/sallesdangles.com\/wp-content\/uploads\/2018\/03\/randonnee2-300x200.jpg 300w, https:\/\/sallesdangles.com\/wp-content\/uploads\/2018\/03\/randonnee2-768x511.jpg 768w, https:\/\/sallesdangles.com\/wp-content\/uploads\/2018\/03\/randonnee2-1536x1022.jpg 1536w, https:\/\/sallesdangles.com\/wp-content\/uploads\/2018\/03\/randonnee2.jpg 1600w\" sizes=\"auto, (max-width: 1024px) 100vw, 1024px\" \/><\/a><\/div><a class=\"wp-block-latest-posts__post-title\" href=\"https:\/\/sallesdangles.com\/index.php\/2018\/03\/16\/2-circuits-de-randonnee-sur-la-commune\/\">2 CIRCUITS DE RANDONNEE SUR LA COMMUNE<\/a><div class=\"wp-block-latest-posts__post-excerpt\">Parcours orange : circuit de la Garenne (environ 11,5 kms) Balisage Jaune D\u00e9part au niveau du mus\u00e9e de\u00a0Salles-d&rsquo;Angles.Montez tout droit\u2026 <a class=\"wp-block-latest-posts__read-more\" href=\"https:\/\/sallesdangles.com\/index.php\/2018\/03\/16\/2-circuits-de-randonnee-sur-la-commune\/\" rel=\"noopener noreferrer\">Lire la suite<span class=\"screen-reader-text\">\u00a0: 2 CIRCUITS DE RANDONNEE SUR LA COMMUNE<\/span><\/a><\/div><\/li>\n<li><div class=\"wp-block-latest-posts__featured-image alignright\"><a href=\"https:\/\/sallesdangles.com\/index.php\/2017\/02\/23\/le-musee-des-arts-et-des-traditions\/\" aria-label=\"Le Mus\u00e9e des Arts et des Traditions\"><img loading=\"lazy\" decoding=\"async\" width=\"452\" height=\"305\" src=\"https:\/\/sallesdangles.com\/wp-content\/uploads\/2017\/02\/musee.jpg\" class=\"attachment-large size-large wp-post-image\" alt=\"\" style=\"\" srcset=\"https:\/\/sallesdangles.com\/wp-content\/uploads\/2017\/02\/musee.jpg 452w, https:\/\/sallesdangles.com\/wp-content\/uploads\/2017\/02\/musee-300x202.jpg 300w\" sizes=\"auto, (max-width: 452px) 100vw, 452px\" \/><\/a><\/div><a class=\"wp-block-latest-posts__post-title\" href=\"https:\/\/sallesdangles.com\/index.php\/2017\/02\/23\/le-musee-des-arts-et-des-traditions\/\">Le Mus\u00e9e des Arts et des Traditions<\/a><div class=\"wp-block-latest-posts__post-excerpt\">Le mus\u00e9e Gaston Gr\u00e9gor: am\u00e9nag\u00e9 dans les anciennes \u00e9curies et d\u00e9pendances du presbyt\u00e8re qui ont \u00e9t\u00e9 construites en 1789&nbsp;: c&rsquo;est\u2026 <a class=\"wp-block-latest-posts__read-more\" href=\"https:\/\/sallesdangles.com\/index.php\/2017\/02\/23\/le-musee-des-arts-et-des-traditions\/\" rel=\"noopener noreferrer\">Lire la suite<span class=\"screen-reader-text\">\u00a0: Le Mus\u00e9e des Arts et des Traditions<\/span><\/a><\/div><\/li>\n<li><div class=\"wp-block-latest-posts__featured-image alignright\"><a href=\"https:\/\/sallesdangles.com\/index.php\/2015\/04\/02\/angles\/\" aria-label=\"Angles\"><img loading=\"lazy\" decoding=\"async\" width=\"210\" height=\"217\" src=\"https:\/\/sallesdangles.com\/wp-content\/uploads\/2014\/10\/262577.jpg\" class=\"attachment-large size-large wp-post-image\" alt=\"La Chapelle d&#039;Angles\" style=\"\" \/><\/a><\/div><a class=\"wp-block-latest-posts__post-title\" href=\"https:\/\/sallesdangles.com\/index.php\/2015\/04\/02\/angles\/\">Angles<\/a><div class=\"wp-block-latest-posts__post-excerpt\">La Chapelle d\u2019Angles, unique vestige d\u2019un ensemble monastique de la Commanderie des Templiers, fut construite vers 1150-1160. Plusieurs remaniements et\u2026 <a class=\"wp-block-latest-posts__read-more\" href=\"https:\/\/sallesdangles.com\/index.php\/2015\/04\/02\/angles\/\" rel=\"noopener noreferrer\">Lire la suite<span class=\"screen-reader-text\">\u00a0: Angles<\/span><\/a><\/div><\/li>\n<li><div class=\"wp-block-latest-posts__featured-image alignright\"><a href=\"https:\/\/sallesdangles.com\/index.php\/2015\/04\/01\/les-fontaines-de-notre-commune\/\" aria-label=\"Les fontaines de notre commune\"><img loading=\"lazy\" decoding=\"async\" width=\"683\" height=\"1024\" src=\"https:\/\/sallesdangles.com\/wp-content\/uploads\/2021\/01\/Font-salaire-2-683x1024.jpg\" class=\"attachment-large size-large wp-post-image\" alt=\"\" style=\"\" srcset=\"https:\/\/sallesdangles.com\/wp-content\/uploads\/2021\/01\/Font-salaire-2-683x1024.jpg 683w, https:\/\/sallesdangles.com\/wp-content\/uploads\/2021\/01\/Font-salaire-2-200x300.jpg 200w, https:\/\/sallesdangles.com\/wp-content\/uploads\/2021\/01\/Font-salaire-2-768x1152.jpg 768w, https:\/\/sallesdangles.com\/wp-content\/uploads\/2021\/01\/Font-salaire-2-1024x1536.jpg 1024w, https:\/\/sallesdangles.com\/wp-content\/uploads\/2021\/01\/Font-salaire-2-1365x2048.jpg 1365w, https:\/\/sallesdangles.com\/wp-content\/uploads\/2021\/01\/Font-salaire-2-scaled.jpg 1707w\" sizes=\"auto, (max-width: 683px) 100vw, 683px\" \/><\/a><\/div><a class=\"wp-block-latest-posts__post-title\" href=\"https:\/\/sallesdangles.com\/index.php\/2015\/04\/01\/les-fontaines-de-notre-commune\/\">Les fontaines de notre commune<\/a><div class=\"wp-block-latest-posts__post-excerpt\">Plan La Font Bourreau&nbsp; Situ\u00e9e \u00e0 cot\u00e9 de la salle polyvalente. C\u2019est la fontaine la plus importante de la commune\u2026 <a class=\"wp-block-latest-posts__read-more\" href=\"https:\/\/sallesdangles.com\/index.php\/2015\/04\/01\/les-fontaines-de-notre-commune\/\" rel=\"noopener noreferrer\">Lire la suite<span class=\"screen-reader-text\">\u00a0: Les fontaines de notre commune<\/span><\/a><\/div><\/li>\n<li><div class=\"wp-block-latest-posts__featured-image alignright\"><a href=\"https:\/\/sallesdangles.com\/index.php\/2014\/01\/09\/un-jeune-ado-juif-cache-dans-une-famille-de-1942-a-la-fin-de-la-guerre\/\" aria-label=\"Un jeune ado Juif cach\u00e9 dans une famille de 1942 \u00e0 la fin de la guerre\"><img loading=\"lazy\" decoding=\"async\" width=\"768\" height=\"1024\" src=\"https:\/\/sallesdangles.com\/wp-content\/uploads\/2014\/01\/joseph-et-aneska-stacke-16-juillet-2019-e1563992536782-768x1024.jpg\" class=\"attachment-large size-large wp-post-image\" alt=\"\" style=\"\" srcset=\"https:\/\/sallesdangles.com\/wp-content\/uploads\/2014\/01\/joseph-et-aneska-stacke-16-juillet-2019-e1563992536782-768x1024.jpg 768w, https:\/\/sallesdangles.com\/wp-content\/uploads\/2014\/01\/joseph-et-aneska-stacke-16-juillet-2019-e1563992536782-225x300.jpg 225w, https:\/\/sallesdangles.com\/wp-content\/uploads\/2014\/01\/joseph-et-aneska-stacke-16-juillet-2019-e1563992536782.jpg 864w\" sizes=\"auto, (max-width: 768px) 100vw, 768px\" \/><\/a><\/div><a class=\"wp-block-latest-posts__post-title\" href=\"https:\/\/sallesdangles.com\/index.php\/2014\/01\/09\/un-jeune-ado-juif-cache-dans-une-famille-de-1942-a-la-fin-de-la-guerre\/\">Un jeune ado Juif cach\u00e9 dans une famille de 1942 \u00e0 la fin de la guerre<\/a><div class=\"wp-block-latest-posts__post-excerpt\"><\/div><\/li>\n<\/ul>","protected":false},"excerpt":{"rendered":"","protected":false},"author":3,"featured_media":0,"parent":0,"menu_order":0,"comment_status":"closed","ping_status":"closed","template":"","meta":{"footnotes":""},"class_list":["post-6804","page","type-page","status-publish","hentry"],"_links":{"self":[{"href":"https:\/\/sallesdangles.com\/index.php\/wp-json\/wp\/v2\/pages\/6804","targetHints":{"allow":["GET"]}}],"collection":[{"href":"https:\/\/sallesdangles.com\/index.php\/wp-json\/wp\/v2\/pages"}],"about":[{"href":"https:\/\/sallesdangles.com\/index.php\/wp-json\/wp\/v2\/types\/page"}],"author":[{"embeddable":true,"href":"https:\/\/sallesdangles.com\/index.php\/wp-json\/wp\/v2\/users\/3"}],"replies":[{"embeddable":true,"href":"https:\/\/sallesdangles.com\/index.php\/wp-json\/wp\/v2\/comments?post=6804"}],"version-history":[{"count":2,"href":"https:\/\/sallesdangles.com\/index.php\/wp-json\/wp\/v2\/pages\/6804\/revisions"}],"predecessor-version":[{"id":7035,"href":"https:\/\/sallesdangles.com\/index.php\/wp-json\/wp\/v2\/pages\/6804\/revisions\/7035"}],"wp:attachment":[{"href":"https:\/\/sallesdangles.com\/index.php\/wp-json\/wp\/v2\/media?parent=6804"}],"curies":[{"name":"wp","href":"https:\/\/api.w.org\/{rel}","templated":true}]}}