{"id":6932,"date":"2021-05-27T19:01:28","date_gmt":"2021-05-27T17:01:28","guid":{"rendered":"https:\/\/sallesdangles.com\/?page_id=6932"},"modified":"2023-11-04T11:37:25","modified_gmt":"2023-11-04T10:37:25","slug":"regroupement-pedagogique-intercommunal","status":"publish","type":"page","link":"https:\/\/sallesdangles.com\/index.php\/groupe-scolaire\/regroupement-pedagogique-intercommunal\/","title":{"rendered":"Regroupement P\u00e9dagogique Intercommunal"},"content":{"rendered":"\n<p>Le RPI regroupe les communes d&rsquo;Angeac Champagne, de Saint Fort sur le N\u00e9, de Salles d&rsquo;Angles et de Verri\u00e8res sur trois \u00e9coles.<\/p>\n\n\n\n<p><strong><em>L&rsquo;ECOLE MATERNNELLE JEAN DE LA FONTAINE <\/em><\/strong>:<\/p>\n\n\n\n<p>La Maternelle est situ\u00e9e \u00e0 ANGEAC-CHAMPAGNE<\/p>\n\n\n\n<p>Mme CAMUS (Directrice) et Mme CALA avec le soutien de Mme MOUNIER et de Mme TRANCHARD  y accueillent les \u00e9l\u00e8ves de la Toute Petite Section \u00e0 la Grande Section. <\/p>\n\n\n\n<p>Les coordonn\u00e9es : 49 Rue des Chais &#8211; 16130 ANGEAC-CHAMPAGNE <\/p>\n\n\n\n<p>Num\u00e9ro de t\u00e9l\u00e9phone : 05 45 83 72 03<\/p>\n\n\n\n<p>Les horaires : 8h45\/11h45 &#8211; 13h15\/16h15<\/p>\n\n\n\n<p><strong><em>L&rsquo;ECOLE ELEMENTAIRE DE ST FORT\/NE<\/em><\/strong><\/p>\n\n\n\n<p>L&rsquo;une des \u00e9coles primaires est situ\u00e9e \u00e0 SAINT FORT SUR LE NE.<\/p>\n\n\n\n<p>Mme MOUILLEAU (Directrice) y accueille les CP et une partie des CE1.<\/p>\n\n\n\n<p>Les coordonn\u00e9es : LE BOURG &#8211; 16130 ST FORT SUR LE NE<\/p>\n\n\n\n<p>Num\u00e9ro de t\u00e9l\u00e9phone : 05 45 83 03 33<\/p>\n\n\n\n<p>Les horaires : 9h\/12h &#8211; 13h30\/16h30<\/p>\n\n\n\n<p><strong><em>L&rsquo;ECOLE ELEMENTAIRE JEAN MONNET<\/em><\/strong><\/p>\n\n\n\n<p>L&rsquo;autre \u00e9cole primaire est situ\u00e9e \u00e0 SALLES D&rsquo;ANGLES<\/p>\n\n\n\n<p>Mme JOUSSON(Directrice) et Mme ROYy accueillent les \u00e9l\u00e8ves de CE1, CE2, CM1 et CM2.<\/p>\n\n\n\n<p>Les coordonn\u00e9es : Rue de la Grande Champagne&nbsp;16130&nbsp;SALLES D&rsquo;ANGLES<\/p>\n\n\n\n<p>Num\u00e9ro de t\u00e9l\u00e9phone : 05 45 83 61 20<\/p>\n\n\n\n<p>Les horaires : 8h45\/12h15 &#8211; 13h55\/16h25<\/p>\n\n\n\n<p><\/p>\n","protected":false},"excerpt":{"rendered":"<p>Le RPI regroupe les communes d&rsquo;Angeac Champagne, de Saint Fort sur le N\u00e9, de Salles d&rsquo;Angles et de Verri\u00e8res sur trois \u00e9coles. L&rsquo;ECOLE MATERNNELLE JEAN DE LA FONTAINE : La Maternelle est situ\u00e9e \u00e0 ANGEAC-CHAMPAGNE Mme CAMUS (Directrice) et Mme CALA avec le soutien de Mme MOUNIER et de Mme TRANCHARD y accueillent les \u00e9l\u00e8ves [&hellip;]<\/p>\n","protected":false},"author":2,"featured_media":7093,"parent":103,"menu_order":2,"comment_status":"closed","ping_status":"closed","template":"","meta":{"footnotes":""},"class_list":["post-6932","page","type-page","status-publish","has-post-thumbnail","hentry"],"_links":{"self":[{"href":"https:\/\/sallesdangles.com\/index.php\/wp-json\/wp\/v2\/pages\/6932","targetHints":{"allow":["GET"]}}],"collection":[{"href":"https:\/\/sallesdangles.com\/index.php\/wp-json\/wp\/v2\/pages"}],"about":[{"href":"https:\/\/sallesdangles.com\/index.php\/wp-json\/wp\/v2\/types\/page"}],"author":[{"embeddable":true,"href":"https:\/\/sallesdangles.com\/index.php\/wp-json\/wp\/v2\/users\/2"}],"replies":[{"embeddable":true,"href":"https:\/\/sallesdangles.com\/index.php\/wp-json\/wp\/v2\/comments?post=6932"}],"version-history":[{"count":5,"href":"https:\/\/sallesdangles.com\/index.php\/wp-json\/wp\/v2\/pages\/6932\/revisions"}],"predecessor-version":[{"id":8907,"href":"https:\/\/sallesdangles.com\/index.php\/wp-json\/wp\/v2\/pages\/6932\/revisions\/8907"}],"up":[{"embeddable":true,"href":"https:\/\/sallesdangles.com\/index.php\/wp-json\/wp\/v2\/pages\/103"}],"wp:featuredmedia":[{"embeddable":true,"href":"https:\/\/sallesdangles.com\/index.php\/wp-json\/wp\/v2\/media\/7093"}],"wp:attachment":[{"href":"https:\/\/sallesdangles.com\/index.php\/wp-json\/wp\/v2\/media?parent=6932"}],"curies":[{"name":"wp","href":"https:\/\/api.w.org\/{rel}","templated":true}]}}