{"id":7501,"date":"2022-07-05T16:42:25","date_gmt":"2022-07-05T14:42:25","guid":{"rendered":"https:\/\/sallesdangles.com\/?page_id=7501"},"modified":"2024-08-29T14:21:54","modified_gmt":"2024-08-29T12:21:54","slug":"decisions-du-maire-et-arretes","status":"publish","type":"page","link":"https:\/\/sallesdangles.com\/index.php\/decisions-du-maire-et-arretes\/","title":{"rendered":"D\u00e9cisions du Maire et Arr\u00eat\u00e9s"},"content":{"rendered":"\n<div class=\"wp-block-columns is-layout-flex wp-container-core-columns-is-layout-9d6595d7 wp-block-columns-is-layout-flex\">\n<div class=\"wp-block-column is-layout-flow wp-block-column-is-layout-flow\">\n<h2 class=\"wp-block-heading\">D\u00e9cisions du Maire<\/h2>\n\n\n\n<div class=\"wp-block-media-text alignwide is-vertically-aligned-top is-image-fill\" style=\"grid-template-columns:26% auto\"><figure class=\"wp-block-media-text__media\" style=\"background-image:url(https:\/\/sallesdangles.com\/wp-content\/uploads\/2014\/10\/elus-150x150.jpg);background-position:100% 100%\"><img loading=\"lazy\" decoding=\"async\" width=\"150\" height=\"150\" src=\"https:\/\/sallesdangles.com\/wp-content\/uploads\/2014\/10\/elus-150x150.jpg\" alt=\"\" class=\"wp-image-307 size-thumbnail\"\/><\/figure><div class=\"wp-block-media-text__content\">\n<p class=\"has-small-font-size\"><strong>Toutes les d\u00e9cisions du Maire et comptes-rendus de r\u00e9unions sont disponibles en suivant <a href=\"https:\/\/sallesdangles.com\/index.php\/category\/decisions-et-arretes\/decisions-du-maire\/\">ce lien<\/a>.<\/strong><\/p>\n<\/div><\/div>\n\n\n\n<h3 class=\"wp-block-heading\">Les plus r\u00e9centes<\/h3>\n\n\n<ul class=\"wp-block-latest-posts__list has-dates wp-block-latest-posts\"><li><a class=\"wp-block-latest-posts__post-title\" href=\"https:\/\/sallesdangles.com\/index.php\/2026\/04\/03\/2026-59-arrete-du-maire-portant-delegation-de-signature\/\">2026-59 arr\u00eat\u00e9 du maire portant d\u00e9l\u00e9gation de signature.<\/a><time datetime=\"2026-04-03T09:46:43+02:00\" class=\"wp-block-latest-posts__post-date\">3 avril 2026<\/time><\/li>\n<li><a class=\"wp-block-latest-posts__post-title\" href=\"https:\/\/sallesdangles.com\/index.php\/2026\/04\/02\/2026-55-arrete-du-maire-portant-delegation-dune-partie-de-ses-fonctions-et-de-signature-aux-adjoints\/\">2026-55 Arr\u00eat\u00e9 du maire portant d\u00e9l\u00e9gation d&rsquo;une partie de ses fonctions et de signature aux adjoints.<\/a><time datetime=\"2026-04-02T12:16:14+02:00\" class=\"wp-block-latest-posts__post-date\">2 avril 2026<\/time><\/li>\n<li><a class=\"wp-block-latest-posts__post-title\" href=\"https:\/\/sallesdangles.com\/index.php\/2025\/12\/31\/2025-213-autorisation-des-operations-relatives-aux-inscriptions-et-radiations-sur-listes-electorales\/\">2025-213 &#8211; autorisation des op\u00e9rations relatives aux inscriptions et radiations sur listes \u00e9lectorales.<\/a><time datetime=\"2025-12-31T11:18:29+01:00\" class=\"wp-block-latest-posts__post-date\">31 d\u00e9cembre 2025<\/time><\/li>\n<li><a class=\"wp-block-latest-posts__post-title\" href=\"https:\/\/sallesdangles.com\/index.php\/2025\/10\/30\/2025-184-mise-en-demeure-depot-sauvage\/\">2025-184 Mise en demeure  D\u00e9p\u00f4t sauvage<\/a><time datetime=\"2025-10-30T17:14:44+01:00\" class=\"wp-block-latest-posts__post-date\">30 octobre 2025<\/time><\/li>\n<li><a class=\"wp-block-latest-posts__post-title\" href=\"https:\/\/sallesdangles.com\/index.php\/2024\/11\/18\/deliberation-2024-11-07-du-13-novembre-2024\/\">D\u00e9lib\u00e9ration 2024-11-07 du 13 novembre 2024.<\/a><time datetime=\"2024-11-18T10:29:41+01:00\" class=\"wp-block-latest-posts__post-date\">18 novembre 2024<\/time><\/li>\n<\/ul><\/div>\n\n\n\n<div class=\"wp-block-column is-layout-flow wp-block-column-is-layout-flow\">\n<h2 class=\"wp-block-heading\">Publications<\/h2>\n\n\n\n<div class=\"wp-block-media-text alignwide is-vertically-aligned-top is-image-fill\" style=\"grid-template-columns:26% auto\"><figure class=\"wp-block-media-text__media\" style=\"background-image:url(https:\/\/sallesdangles.com\/wp-content\/uploads\/2022\/08\/paper-623167_1920-150x150.jpg);background-position:100% 100%\"><img loading=\"lazy\" decoding=\"async\" width=\"150\" height=\"150\" src=\"https:\/\/sallesdangles.com\/wp-content\/uploads\/2022\/08\/paper-623167_1920-150x150.jpg\" alt=\"\" class=\"wp-image-7677 size-thumbnail\"\/><\/figure><div class=\"wp-block-media-text__content\">\n<p class=\"has-small-font-size\"><strong>Toutes les publications \u00e9dict\u00e9es par la Mairie de Salles d&rsquo;Angles sont disponibles en suivant <a href=\"https:\/\/sallesdangles.com\/index.php\/category\/decisions-et-arretes\/publications\/\">ce lien<\/a>.<\/strong><\/p>\n<\/div><\/div>\n\n\n\n<h3 class=\"wp-block-heading\">Les plus r\u00e9centes<\/h3>\n\n\n<ul class=\"wp-block-latest-posts__list has-dates wp-block-latest-posts\"><li><a class=\"wp-block-latest-posts__post-title\" href=\"https:\/\/sallesdangles.com\/index.php\/2026\/04\/21\/2026-65-circulation-alternee-rd-731-du-24-04-au-05-05-2026\/\">2026-65 Circulation altern\u00e9e RD 731 &#8211; DU 24\/04 AU 05\/05\/2026<\/a><time datetime=\"2026-04-21T17:40:21+02:00\" class=\"wp-block-latest-posts__post-date\">21 avril 2026<\/time><\/li>\n<li><a class=\"wp-block-latest-posts__post-title\" href=\"https:\/\/sallesdangles.com\/index.php\/2026\/04\/10\/convocation-reunion-du-conseil-municipal\/\">convocation r\u00e9union du conseil municipal.<\/a><time datetime=\"2026-04-10T09:10:46+02:00\" class=\"wp-block-latest-posts__post-date\">10 avril 2026<\/time><\/li>\n<li><a class=\"wp-block-latest-posts__post-title\" href=\"https:\/\/sallesdangles.com\/index.php\/2026\/04\/07\/2026-58-arrete-de-circulation-temporaire-rd-731-et-rd-151-du-20-04-au-04-05-2026\/\">2026-58 Arr\u00eat\u00e9 de circulation temporaire RD 731 et RD 151 &#8211; Du 20\/04 au 04\/05\/2026<\/a><time datetime=\"2026-04-07T15:53:31+02:00\" class=\"wp-block-latest-posts__post-date\">7 avril 2026<\/time><\/li>\n<li><a class=\"wp-block-latest-posts__post-title\" href=\"https:\/\/sallesdangles.com\/index.php\/2026\/04\/03\/2026-59-arrete-du-maire-portant-delegation-de-signature\/\">2026-59 arr\u00eat\u00e9 du maire portant d\u00e9l\u00e9gation de signature.<\/a><time datetime=\"2026-04-03T09:46:43+02:00\" class=\"wp-block-latest-posts__post-date\">3 avril 2026<\/time><\/li>\n<li><a class=\"wp-block-latest-posts__post-title\" href=\"https:\/\/sallesdangles.com\/index.php\/2026\/04\/02\/2026-57-dp-16359-26-00006-favorable-du-02-04-2026\/\">2026-57 &#8211; DP 16359 26 00006 FAVORABLE  &#8211;     DU 02\/04\/2026<\/a><time datetime=\"2026-04-02T18:03:34+02:00\" class=\"wp-block-latest-posts__post-date\">2 avril 2026<\/time><\/li>\n<\/ul><\/div>\n<\/div>\n\n\n\n<div class=\"wp-block-columns is-layout-flex wp-container-core-columns-is-layout-9d6595d7 wp-block-columns-is-layout-flex\">\n<div class=\"wp-block-column is-layout-flow wp-block-column-is-layout-flow\">\n<h2 class=\"wp-block-heading\">Arr\u00eat\u00e9s municipaux<\/h2>\n\n\n\n<div class=\"wp-block-media-text alignwide is-vertically-aligned-top is-image-fill\" style=\"grid-template-columns:26% auto\"><figure class=\"wp-block-media-text__media\" style=\"background-image:url(https:\/\/sallesdangles.com\/wp-content\/uploads\/2022\/08\/pexels-pixabay-48148-1-1024x681.jpg);background-position:50% 50%\"><img loading=\"lazy\" decoding=\"async\" width=\"1024\" height=\"681\" src=\"https:\/\/sallesdangles.com\/wp-content\/uploads\/2022\/08\/pexels-pixabay-48148-1-1024x681.jpg\" alt=\"\" class=\"wp-image-7673 size-full\" srcset=\"https:\/\/sallesdangles.com\/wp-content\/uploads\/2022\/08\/pexels-pixabay-48148-1-1024x681.jpg 1024w, https:\/\/sallesdangles.com\/wp-content\/uploads\/2022\/08\/pexels-pixabay-48148-1-300x199.jpg 300w, https:\/\/sallesdangles.com\/wp-content\/uploads\/2022\/08\/pexels-pixabay-48148-1-768x511.jpg 768w, https:\/\/sallesdangles.com\/wp-content\/uploads\/2022\/08\/pexels-pixabay-48148-1-1536x1021.jpg 1536w, https:\/\/sallesdangles.com\/wp-content\/uploads\/2022\/08\/pexels-pixabay-48148-1-2048x1362.jpg 2048w\" sizes=\"auto, (max-width: 1024px) 100vw, 1024px\" \/><\/figure><div class=\"wp-block-media-text__content\">\n<p class=\"has-small-font-size\"><strong>Tous les arr\u00eat\u00e9s \u00e9dict\u00e9s par la Mairie de Salles d&rsquo;Angles sont disponibles en suivant <a href=\"https:\/\/sallesdangles.com\/index.php\/category\/decisions-et-arretes\/arretes-municipaux\/\">ce lien<\/a>.<\/strong><\/p>\n<\/div><\/div>\n\n\n\n<h3 class=\"wp-block-heading\">Les plus r\u00e9cents<\/h3>\n\n\n<ul class=\"wp-block-latest-posts__list has-dates wp-block-latest-posts\"><li><a class=\"wp-block-latest-posts__post-title\" href=\"https:\/\/sallesdangles.com\/index.php\/2026\/04\/08\/2026-61-arrete-de-circulation-alternee-travaux-ineo-du-16-au-17-avril-2026\/\">2026-61 Arr\u00eat\u00e9 de circulation altern\u00e9e &#8211; Travaux INEO &#8211; Du 16 au 17 avril 2026.<\/a><time datetime=\"2026-04-08T15:30:42+02:00\" class=\"wp-block-latest-posts__post-date\">8 avril 2026<\/time><\/li>\n<li><a class=\"wp-block-latest-posts__post-title\" href=\"https:\/\/sallesdangles.com\/index.php\/2026\/03\/27\/2026-54-circulation-alternee-rue-du-taillandier-du-7-au-14-avril-2026\/\">2026-54 &#8211; Circulation altern\u00e9e &#8211; rue du Taillandier du 7 au 14 avril 2026.<\/a><time datetime=\"2026-03-27T17:17:31+01:00\" class=\"wp-block-latest-posts__post-date\">27 mars 2026<\/time><\/li>\n<li><a class=\"wp-block-latest-posts__post-title\" href=\"https:\/\/sallesdangles.com\/index.php\/2026\/03\/24\/2026-51-prolongation-travaux-assainissement-chemin-de-la-guigniere-du-24-03-au-30-04-2026\/\">2026-51 Prolongation Travaux Assainissement &#8211; Chemin de la Guigni\u00e8re  du 24\/03 au 30\/04\/2026<\/a><time datetime=\"2026-03-24T16:27:19+01:00\" class=\"wp-block-latest-posts__post-date\">24 mars 2026<\/time><\/li>\n<li><a class=\"wp-block-latest-posts__post-title\" href=\"https:\/\/sallesdangles.com\/index.php\/2026\/03\/23\/2026-50-circulation-alternee-rue-des-mortemer-du-20-04-au-04-05-2026\/\">2026-50 &#8211; Circulation altern\u00e9e &#8211; Rue des MORTEMER &#8211; DU 20\/04 AU 04\/05\/2026<\/a><time datetime=\"2026-03-23T17:57:19+01:00\" class=\"wp-block-latest-posts__post-date\">23 mars 2026<\/time><\/li>\n<li><a class=\"wp-block-latest-posts__post-title\" href=\"https:\/\/sallesdangles.com\/index.php\/2026\/03\/20\/2026-45-arrete-de-circulation-place-willerwald-pour-travaux-du-23-03-au-02-04-2026\/\">2026-45 &#8211; Arr\u00eat\u00e9 de  CIRCULATION place WILLERWALD pour TRAVAUX &#8211; du 23\/03 au 02\/04\/2026<\/a><time datetime=\"2026-03-20T16:31:10+01:00\" class=\"wp-block-latest-posts__post-date\">20 mars 2026<\/time><\/li>\n<\/ul><\/div>\n\n\n\n<div class=\"wp-block-column is-layout-flow wp-block-column-is-layout-flow\">\n<h2 class=\"wp-block-heading\">Autres arr\u00eat\u00e9s<\/h2>\n\n\n\n<div class=\"wp-block-media-text alignwide is-vertically-aligned-top is-image-fill\" style=\"grid-template-columns:26% auto\"><figure class=\"wp-block-media-text__media\" style=\"background-image:url(https:\/\/sallesdangles.com\/wp-content\/uploads\/2022\/08\/certificate-24960_1280-918x1024.png);background-position:57% 49%\"><img loading=\"lazy\" decoding=\"async\" width=\"918\" height=\"1024\" src=\"https:\/\/sallesdangles.com\/wp-content\/uploads\/2022\/08\/certificate-24960_1280-918x1024.png\" alt=\"\" class=\"wp-image-7676 size-full\" srcset=\"https:\/\/sallesdangles.com\/wp-content\/uploads\/2022\/08\/certificate-24960_1280-918x1024.png 918w, https:\/\/sallesdangles.com\/wp-content\/uploads\/2022\/08\/certificate-24960_1280-269x300.png 269w, https:\/\/sallesdangles.com\/wp-content\/uploads\/2022\/08\/certificate-24960_1280-768x857.png 768w, https:\/\/sallesdangles.com\/wp-content\/uploads\/2022\/08\/certificate-24960_1280.png 1147w\" sizes=\"auto, (max-width: 918px) 100vw, 918px\" \/><\/figure><div class=\"wp-block-media-text__content\">\n<p class=\"has-small-font-size\"><strong>Toutes les arr\u00eat\u00e9s (hors arr\u00eat\u00e9s municipaux) sont disponibles en suivant <a href=\"https:\/\/sallesdangles.com\/index.php\/category\/decisions-et-arretes\/arretes-autres\/\">ce lien<\/a>.<\/strong><\/p>\n<\/div><\/div>\n\n\n\n<h3 class=\"wp-block-heading\">Les plus r\u00e9cents<\/h3>\n\n\n<ul class=\"wp-block-latest-posts__list has-dates wp-block-latest-posts\"><li><a class=\"wp-block-latest-posts__post-title\" href=\"https:\/\/sallesdangles.com\/index.php\/2026\/04\/22\/arrete-du-16-avril-2026-ouverture-enquete-publique-modification-de-droit-commun-n1-du-plui\/\">Arr\u00eat\u00e9 du 16 avril 2026 : ouverture enqu\u00eate publique : modification de droit commun n\u00b01 du PLUi.<\/a><time datetime=\"2026-04-22T09:35:43+02:00\" class=\"wp-block-latest-posts__post-date\">22 avril 2026<\/time><\/li>\n<li><a class=\"wp-block-latest-posts__post-title\" href=\"https:\/\/sallesdangles.com\/index.php\/2026\/04\/21\/2026-65-circulation-alternee-rd-731-du-24-04-au-05-05-2026\/\">2026-65 Circulation altern\u00e9e RD 731 &#8211; DU 24\/04 AU 05\/05\/2026<\/a><time datetime=\"2026-04-21T17:40:21+02:00\" class=\"wp-block-latest-posts__post-date\">21 avril 2026<\/time><\/li>\n<li><a class=\"wp-block-latest-posts__post-title\" href=\"https:\/\/sallesdangles.com\/index.php\/2026\/04\/07\/2026-58-arrete-de-circulation-temporaire-rd-731-et-rd-151-du-20-04-au-04-05-2026\/\">2026-58 Arr\u00eat\u00e9 de circulation temporaire RD 731 et RD 151 &#8211; Du 20\/04 au 04\/05\/2026<\/a><time datetime=\"2026-04-07T15:53:31+02:00\" class=\"wp-block-latest-posts__post-date\">7 avril 2026<\/time><\/li>\n<li><a class=\"wp-block-latest-posts__post-title\" href=\"https:\/\/sallesdangles.com\/index.php\/2026\/04\/02\/2026-57-dp-16359-26-00006-favorable-du-02-04-2026\/\">2026-57 &#8211; DP 16359 26 00006 FAVORABLE  &#8211;     DU 02\/04\/2026<\/a><time datetime=\"2026-04-02T18:03:34+02:00\" class=\"wp-block-latest-posts__post-date\">2 avril 2026<\/time><\/li>\n<li><a class=\"wp-block-latest-posts__post-title\" href=\"https:\/\/sallesdangles.com\/index.php\/2026\/04\/02\/2026-56-dp-16359-26-00005-favorable-du-02-04-2026\/\">2026-56 &#8211; DP 16359 26 00005 FAVORABLE &#8211;      DU 02\/04\/2026<\/a><time datetime=\"2026-04-02T18:02:12+02:00\" class=\"wp-block-latest-posts__post-date\">2 avril 2026<\/time><\/li>\n<\/ul><\/div>\n<\/div>\n\n\n\n<h2 class=\"wp-block-heading\">Arr\u00eat\u00e9s permanents<\/h2>\n\n\n\n<div class=\"wp-block-media-text alignwide is-vertically-aligned-top is-image-fill\" style=\"grid-template-columns:26% auto\"><figure class=\"wp-block-media-text__media\" style=\"background-image:url(https:\/\/sallesdangles.com\/wp-content\/uploads\/2022\/08\/pexels-pixabay-48148-1-1024x681.jpg);background-position:50% 50%\"><img loading=\"lazy\" decoding=\"async\" width=\"1024\" height=\"681\" src=\"https:\/\/sallesdangles.com\/wp-content\/uploads\/2022\/08\/pexels-pixabay-48148-1-1024x681.jpg\" alt=\"\" class=\"wp-image-7673 size-full\" srcset=\"https:\/\/sallesdangles.com\/wp-content\/uploads\/2022\/08\/pexels-pixabay-48148-1-1024x681.jpg 1024w, https:\/\/sallesdangles.com\/wp-content\/uploads\/2022\/08\/pexels-pixabay-48148-1-300x199.jpg 300w, https:\/\/sallesdangles.com\/wp-content\/uploads\/2022\/08\/pexels-pixabay-48148-1-768x511.jpg 768w, https:\/\/sallesdangles.com\/wp-content\/uploads\/2022\/08\/pexels-pixabay-48148-1-1536x1021.jpg 1536w, https:\/\/sallesdangles.com\/wp-content\/uploads\/2022\/08\/pexels-pixabay-48148-1-2048x1362.jpg 2048w\" sizes=\"auto, (max-width: 1024px) 100vw, 1024px\" \/><\/figure><div class=\"wp-block-media-text__content\">\n<p class=\"has-small-font-size\"><strong>Tous les arr\u00eat\u00e9s permanents sont disponibles en suivant <a href=\"https:\/\/sallesdangles.com\/index.php\/category\/decisions-et-arretes\/arretes-permanents\/\" data-type=\"link\" data-id=\"https:\/\/sallesdangles.com\/index.php\/category\/decisions-et-arretes\/arretes-permanents\/\">ce lien<\/a>.<\/strong><\/p>\n<\/div><\/div>\n\n\n\n<h3 class=\"wp-block-heading\">Les plus r\u00e9cents<\/h3>\n\n\n<ul class=\"wp-block-latest-posts__list has-dates wp-block-latest-posts\"><li><a class=\"wp-block-latest-posts__post-title\" href=\"https:\/\/sallesdangles.com\/index.php\/2025\/04\/17\/arretes-de-signalisation-n2025-70-a-2025-75\/\">Arr\u00eat\u00e9s de signalisation n\u00b02025-70 \u00e0 2025-75.<\/a><time datetime=\"2025-04-17T16:49:57+02:00\" class=\"wp-block-latest-posts__post-date\">17 avril 2025<\/time><\/li>\n<li><a class=\"wp-block-latest-posts__post-title\" href=\"https:\/\/sallesdangles.com\/index.php\/2025\/03\/03\/2021-91-vitesse-limitee-a-30km-h-chemin-saint-martin-le-03-mai-2021\/\">2021-91 Vitesse limit\u00e9e \u00e0 30KM\/h &#8211; Chemin Saint-martin. Le 03 mai 2021.<\/a><time datetime=\"2025-03-03T16:42:17+01:00\" class=\"wp-block-latest-posts__post-date\">3 mars 2025<\/time><\/li>\n<li><a class=\"wp-block-latest-posts__post-title\" href=\"https:\/\/sallesdangles.com\/index.php\/2025\/03\/03\/2021-70-panneaux-emplacement-reserve-aux-personnes-a-mobilite-reduite-le-31-03-2021\/\">2021-70 Panneaux \u00ab\u00a0Emplacement r\u00e9serv\u00e9 aux personnes \u00e0 Mobilit\u00e9 R\u00e9duite\u00a0\u00bb. Le 31\/03\/2021.<\/a><time datetime=\"2025-03-03T16:41:01+01:00\" class=\"wp-block-latest-posts__post-date\">3 mars 2025<\/time><\/li>\n<\/ul>","protected":false},"excerpt":{"rendered":"<p>D\u00e9cisions du Maire Toutes les d\u00e9cisions du Maire et comptes-rendus de r\u00e9unions sont disponibles en suivant ce lien. Les plus r\u00e9centes Publications Toutes les publications \u00e9dict\u00e9es par la Mairie de Salles d&rsquo;Angles sont disponibles en suivant ce lien. Les plus r\u00e9centes Arr\u00eat\u00e9s municipaux Tous les arr\u00eat\u00e9s \u00e9dict\u00e9s par la Mairie de Salles d&rsquo;Angles sont disponibles [&hellip;]<\/p>\n","protected":false},"author":3,"featured_media":6816,"parent":0,"menu_order":0,"comment_status":"closed","ping_status":"closed","template":"","meta":{"footnotes":""},"class_list":["post-7501","page","type-page","status-publish","has-post-thumbnail","hentry"],"_links":{"self":[{"href":"https:\/\/sallesdangles.com\/index.php\/wp-json\/wp\/v2\/pages\/7501","targetHints":{"allow":["GET"]}}],"collection":[{"href":"https:\/\/sallesdangles.com\/index.php\/wp-json\/wp\/v2\/pages"}],"about":[{"href":"https:\/\/sallesdangles.com\/index.php\/wp-json\/wp\/v2\/types\/page"}],"author":[{"embeddable":true,"href":"https:\/\/sallesdangles.com\/index.php\/wp-json\/wp\/v2\/users\/3"}],"replies":[{"embeddable":true,"href":"https:\/\/sallesdangles.com\/index.php\/wp-json\/wp\/v2\/comments?post=7501"}],"version-history":[{"count":25,"href":"https:\/\/sallesdangles.com\/index.php\/wp-json\/wp\/v2\/pages\/7501\/revisions"}],"predecessor-version":[{"id":9565,"href":"https:\/\/sallesdangles.com\/index.php\/wp-json\/wp\/v2\/pages\/7501\/revisions\/9565"}],"wp:featuredmedia":[{"embeddable":true,"href":"https:\/\/sallesdangles.com\/index.php\/wp-json\/wp\/v2\/media\/6816"}],"wp:attachment":[{"href":"https:\/\/sallesdangles.com\/index.php\/wp-json\/wp\/v2\/media?parent=7501"}],"curies":[{"name":"wp","href":"https:\/\/api.w.org\/{rel}","templated":true}]}}