{"id":97,"date":"2020-08-24T13:12:44","date_gmt":"2020-08-24T11:12:44","guid":{"rendered":"https:\/\/preversion.sallesdangles.com\/?page_id=97"},"modified":"2022-07-09T12:18:55","modified_gmt":"2022-07-09T10:18:55","slug":"vie-pratique","status":"publish","type":"page","link":"https:\/\/sallesdangles.com\/index.php\/vie-pratique\/","title":{"rendered":"Vos services"},"content":{"rendered":"\n<div class=\"wp-block-columns is-layout-flex wp-container-core-columns-is-layout-9d6595d7 wp-block-columns-is-layout-flex\">\n<div class=\"wp-block-column is-layout-flow wp-block-column-is-layout-flow\" style=\"flex-basis:100%\">\n<div class=\"wp-block-columns is-layout-flex wp-container-core-columns-is-layout-9d6595d7 wp-block-columns-is-layout-flex\">\n<div class=\"wp-block-column is-layout-flow wp-block-column-is-layout-flow\"><div class=\"wp-block-image is-style-rounded\">\n<figure class=\"aligncenter size-thumbnail is-resized\"><a href=\"https:\/\/sallesdangles.com\/index.php\/2020\/06\/30\/le-conseil-municipal\/\"><img loading=\"lazy\" decoding=\"async\" src=\"https:\/\/sallesdangles.com\/wp-content\/uploads\/2020\/08\/cropped-1200px-Sallesdang_mairie-2-150x150.jpeg\" alt=\"\" class=\"wp-image-114\" width=\"150\" height=\"150\" srcset=\"https:\/\/sallesdangles.com\/wp-content\/uploads\/2020\/08\/cropped-1200px-Sallesdang_mairie-2-150x150.jpeg 150w, https:\/\/sallesdangles.com\/wp-content\/uploads\/2020\/08\/cropped-1200px-Sallesdang_mairie-2-100x100.jpeg 100w\" sizes=\"auto, (max-width: 150px) 100vw, 150px\" \/><\/a><figcaption><strong>Le Conseil Municipal<\/strong><\/figcaption><\/figure>\n<\/div>\n\n\n<p>Pr\u00e9sentation des \u00e9lus, liste des commissions, comptes-rendus des Conseils Municipaux<\/p>\n<\/div>\n\n\n\n<div class=\"wp-block-column is-layout-flow wp-block-column-is-layout-flow\"><div class=\"wp-block-image is-style-default\">\n<figure class=\"aligncenter size-thumbnail is-resized\"><a href=\"https:\/\/sallesdangles.com\/index.php\/category\/vie-pratique\/services-municipaux\/le-personnel-municipal\/\"><img loading=\"lazy\" decoding=\"async\" src=\"https:\/\/sallesdangles.com\/wp-content\/uploads\/2021\/07\/people-3245739_1280-150x150.png\" alt=\"employ\u00e9s\" class=\"wp-image-7045\" width=\"150\" height=\"150\"\/><\/a><figcaption><strong>Services municipaux<\/strong><\/figcaption><\/figure>\n<\/div>\n\n\n<p>L&rsquo;actualit\u00e9 des services de la commune<\/p>\n<\/div>\n\n\n\n<div class=\"wp-block-column is-layout-flow wp-block-column-is-layout-flow\"><div class=\"wp-block-image is-style-rounded\">\n<figure class=\"aligncenter size-thumbnail is-resized\"><a href=\"https:\/\/sallesdangles.com\/index.php\/2015\/03\/11\/salle-polyvalente\/\"><img loading=\"lazy\" decoding=\"async\" src=\"https:\/\/sallesdangles.com\/wp-content\/uploads\/2015\/03\/salle_polyvatente-150x150.jpg\" alt=\"Salle Polyvalente\" class=\"wp-image-695\" width=\"150\" height=\"150\"\/><\/a><figcaption><strong>Salle Polyvalente<\/strong><\/figcaption><\/figure>\n<\/div>\n\n\n<p>R\u00e8glement int\u00e9rieur de la salle, tarifs de location, planning d&rsquo;utilisation<\/p>\n<\/div>\n\n\n\n<div class=\"wp-block-column is-layout-flow wp-block-column-is-layout-flow\"><div class=\"wp-block-image is-style-rounded\">\n<figure class=\"aligncenter size-thumbnail is-resized\"><a href=\"https:\/\/sallesdangles.com\/index.php\/2015\/03\/11\/nos-cimetieres\/\"><img loading=\"lazy\" decoding=\"async\" src=\"https:\/\/sallesdangles.com\/wp-content\/uploads\/2015\/03\/Cimetiere-150x150.jpg\" alt=\"Nos Cimeti\u00e8res\" class=\"wp-image-708\" width=\"150\" height=\"150\"\/><\/a><figcaption><strong>Cimeti\u00e8res<\/strong><\/figcaption><\/figure>\n<\/div>\n\n\n<p>Les cimeti\u00e8res de la commune, plans d&rsquo;acc\u00e8s<\/p>\n<\/div>\n<\/div>\n\n\n\n<div class=\"wp-block-columns is-layout-flex wp-container-core-columns-is-layout-9d6595d7 wp-block-columns-is-layout-flex\">\n<div class=\"wp-block-column is-layout-flow wp-block-column-is-layout-flow\"><div class=\"wp-block-image is-style-rounded\">\n<figure class=\"aligncenter size-thumbnail is-resized\"><a href=\"https:\/\/sallesdangles.com\/index.php\/2015\/03\/11\/notre-agence-postale\/\"><img loading=\"lazy\" decoding=\"async\" src=\"https:\/\/sallesdangles.com\/wp-content\/uploads\/2015\/03\/agence_postale-150x150.jpg\" alt=\"Agence Postale\" class=\"wp-image-712\" width=\"150\" height=\"150\"\/><\/a><figcaption><strong>Agence Postale<\/strong><\/figcaption><\/figure>\n<\/div>\n\n\n<p>Horaires d&rsquo;ouverture, services propos\u00e9s<\/p>\n<\/div>\n\n\n\n<div class=\"wp-block-column is-layout-flow wp-block-column-is-layout-flow\"><\/div>\n\n\n\n<div class=\"wp-block-column is-layout-flow wp-block-column-is-layout-flow\"><\/div>\n\n\n\n<div class=\"wp-block-column is-layout-flow wp-block-column-is-layout-flow\"><\/div>\n<\/div>\n<\/div>\n<\/div>\n\n\n\n<h1 class=\"wp-block-heading\">Services divers<\/h1>\n\n\n\n<div class=\"wp-block-group alignwide\"><div class=\"wp-block-group__inner-container is-layout-flow wp-block-group-is-layout-flow\">\n<div class=\"wp-block-columns alignwide is-layout-flex wp-container-core-columns-is-layout-9d6595d7 wp-block-columns-is-layout-flex\">\n<div class=\"wp-block-column is-layout-flow wp-block-column-is-layout-flow\"><div class=\"wp-block-image is-style-default\">\n<figure class=\"aligncenter size-full\"><a href=\"https:\/\/sallesdangles.com\/index.php\/2020\/09\/28\/presence-verte-3\/\"><img loading=\"lazy\" decoding=\"async\" width=\"300\" height=\"162\" src=\"https:\/\/sallesdangles.com\/wp-content\/uploads\/2018\/09\/presence-verte-logo-e1641466930274.png\" alt=\"presence verte logo\" class=\"wp-image-6259\"\/><\/a><\/figure>\n<\/div>\n\n\n<p><strong>Pr\u00e9sence Verte Charente<\/strong>&nbsp;est une association \u00e0 but non lucratif (<em>loi 1901<\/em>), cr\u00e9\u00e9e en 1997, \u00e0 l\u2019initiative de la MSA, de Groupama et de G\u00e9n\u00e9rations Mouvement (<em>ex-A\u00een\u00e9s Ruraux<\/em>).<\/p>\n<\/div>\n\n\n\n<div class=\"wp-block-column is-layout-flow wp-block-column-is-layout-flow\"><div class=\"wp-block-image\">\n<figure class=\"aligncenter size-full is-resized\"><a href=\"https:\/\/sallesdangles.com\/index.php\/2021\/11\/23\/acces-a-mon-territoire-droit-des-sols\/\"><img loading=\"lazy\" decoding=\"async\" src=\"https:\/\/sallesdangles.com\/wp-content\/uploads\/2021\/11\/telechargement-1.jpg\" alt=\"Acc\u00e8s \u00e0 Mon Territoire - Droit des sols\" class=\"wp-image-7191\" width=\"150\" height=\"84\"\/><\/a><\/figure>\n<\/div>\n\n\n<p><strong>Mon Territoire &#8211; Droit des sols<\/strong> permet aux administr\u00e9s de s\u2019informer sur les r\u00e8glements d\u2019urbanisme en vigueur sur la commune sur les parcelles qui les int\u00e9ressent.<\/p>\n<\/div>\n\n\n\n<div class=\"wp-block-column is-layout-flow wp-block-column-is-layout-flow\"><div class=\"wp-block-image\">\n<figure class=\"aligncenter size-full is-resized\"><a href=\"https:\/\/sallesdangles.com\/index.php\/2021\/04\/10\/le-vote-par-procuration\/\"><img loading=\"lazy\" decoding=\"async\" src=\"https:\/\/sallesdangles.com\/wp-content\/uploads\/2021\/04\/Maprocuration.jpg\" alt=\"Maprocuration\" class=\"wp-image-6828\" width=\"190\" height=\"89\" srcset=\"https:\/\/sallesdangles.com\/wp-content\/uploads\/2021\/04\/Maprocuration.jpg 760w, https:\/\/sallesdangles.com\/wp-content\/uploads\/2021\/04\/Maprocuration-300x141.jpg 300w\" sizes=\"auto, (max-width: 190px) 100vw, 190px\" \/><\/a><\/figure>\n<\/div>\n\n\n<p>Depuis le 6 avril 2021, il est d\u00e9sormais possible de remplir sa demande de procuration en ligne sur le site&nbsp;<strong>maprocuration.gouv.fr<\/strong>&nbsp;<\/p>\n<\/div>\n<\/div>\n<\/div><\/div>\n\n\n\n<div class=\"wp-block-columns is-layout-flex wp-container-core-columns-is-layout-9d6595d7 wp-block-columns-is-layout-flex\">\n<div class=\"wp-block-column is-layout-flow wp-block-column-is-layout-flow\"><div class=\"wp-block-image\">\n<figure class=\"aligncenter size-thumbnail is-resized\"><a href=\"https:\/\/sallesdangles.com\/index.php\/2021\/03\/23\/habiter-mieux\/\"><img loading=\"lazy\" decoding=\"async\" src=\"https:\/\/sallesdangles.com\/wp-content\/uploads\/2016\/12\/logo-habiter-mieux_medium-148x150.jpg\" alt=\"\" class=\"wp-image-6456\" width=\"74\" height=\"75\"\/><\/a><\/figure>\n<\/div>\n\n\n<p>Les <strong>aides pour l&rsquo;am\u00e9lioration de l&rsquo;habitat<\/strong> : SOLIHA et ANAH<\/p>\n<\/div>\n\n\n\n<div class=\"wp-block-column is-layout-flow wp-block-column-is-layout-flow\"><div class=\"wp-block-image\">\n<figure class=\"aligncenter size-thumbnail is-resized\"><a href=\"https:\/\/sallesdangles.com\/index.php\/2021\/03\/23\/pacs-en-mairie-a-partir-du-1er-novembre-2017\/\"><img loading=\"lazy\" decoding=\"async\" src=\"https:\/\/sallesdangles.com\/wp-content\/uploads\/2017\/09\/pacs-1-150x150.jpg\" alt=\"pacs\" class=\"wp-image-6391\" width=\"75\" height=\"75\"\/><\/a><\/figure>\n<\/div>\n\n\n<p>Depuis le 1er novembre 2017, l\u2019<strong>enregistrement d\u2019un PACS<\/strong> s\u2019effectue en mairie ou devant un notaire.&nbsp;<\/p>\n<\/div>\n\n\n\n<div class=\"wp-block-column is-layout-flow wp-block-column-is-layout-flow\"><div class=\"wp-block-image\">\n<figure class=\"aligncenter size-thumbnail is-resized\"><a href=\"https:\/\/www.demarches.interieur.gouv.fr\/particuliers\/carte-grise-certificat-immatriculation\" target=\"_blank\" rel=\"noopener\"><img loading=\"lazy\" decoding=\"async\" src=\"https:\/\/sallesdangles.com\/wp-content\/uploads\/2021\/01\/carte-grise-1-150x150.jpg\" alt=\"\" class=\"wp-image-5156\" width=\"75\" height=\"75\"\/><\/a><\/figure>\n<\/div>\n\n\n<p><strong>Carte grise<\/strong> : d\u00e9marches en ligne<\/p>\n<\/div>\n<\/div>\n\n\n\n<div class=\"wp-block-columns is-layout-flex wp-container-core-columns-is-layout-9d6595d7 wp-block-columns-is-layout-flex\">\n<div class=\"wp-block-column is-layout-flow wp-block-column-is-layout-flow\"><div class=\"wp-block-image\">\n<figure class=\"aligncenter size-thumbnail is-resized\"><a href=\"https:\/\/sallesdangles.com\/index.php\/2018\/10\/08\/dematerialisation-des-timbres-fiscaux\/\"><img loading=\"lazy\" decoding=\"async\" src=\"https:\/\/sallesdangles.com\/wp-content\/uploads\/2018\/10\/timbre-fiscal-1-150x150.jpg\" alt=\"timbre fiscal\" class=\"wp-image-6253\" width=\"75\" height=\"75\"\/><\/a><\/figure>\n<\/div>\n\n\n<p>L\u2019<strong>achat des timbres fiscaux<\/strong> peut d\u00e9sormais se faire par Internet. Ils permettent une am\u00e9lioration du service pour les usagers ainsi qu\u2019une rationalisation de l\u2019action administrative.<\/p>\n<\/div>\n\n\n\n<div class=\"wp-block-column is-layout-flow wp-block-column-is-layout-flow\"><div class=\"wp-block-image\">\n<figure class=\"aligncenter size-thumbnail is-resized\"><a href=\"https:\/\/passeport.ants.gouv.fr\/\" target=\"_blank\" rel=\"noopener\"><img loading=\"lazy\" decoding=\"async\" src=\"https:\/\/sallesdangles.com\/wp-content\/uploads\/2022\/01\/carte-identite-150x150.jpg\" alt=\"carte identite\" class=\"wp-image-7265\" width=\"75\" height=\"75\"\/><\/a><\/figure>\n<\/div>\n\n\n<p>Vous avez besoin de <strong>faire \u00e9tablir un passeport ou une carte d\u2019identit\u00e9 ou faire son renouvellement<\/strong> suite \u00e0 son  expiration, sa perte ?<br>Vous pouvez formuler une pr\u00e9-demande en quelques clics \u00e0 l\u2019aide du formulaire en ligne.<\/p>\n<\/div>\n\n\n\n<div class=\"wp-block-column is-layout-flow wp-block-column-is-layout-flow\"><\/div>\n<\/div>\n\n\n\n<h1 class=\"wp-block-heading\">Les actualit\u00e9s <em>Vie Pratique<\/em><\/h1>\n\n\n<ul class=\"wp-block-latest-posts__list is-grid columns-3 has-dates wp-block-latest-posts\"><li><a class=\"wp-block-latest-posts__post-title\" href=\"https:\/\/sallesdangles.com\/index.php\/2026\/04\/08\/compte-rendu-reunion-de-conseil-du-22-mars-2026\/\">Compte-rendu r\u00e9union de conseil du 22 mars 2026.<\/a><time datetime=\"2026-04-08T16:32:13+02:00\" class=\"wp-block-latest-posts__post-date\">8 avril 2026<\/time><\/li>\n<li><a class=\"wp-block-latest-posts__post-title\" href=\"https:\/\/sallesdangles.com\/index.php\/2026\/04\/08\/compte-rendu-reunion-de-conseil-du-10-mars-2026\/\">Compte-rendu r\u00e9union de conseil du 10 mars 2026.<\/a><time datetime=\"2026-04-08T16:31:26+02:00\" class=\"wp-block-latest-posts__post-date\">8 avril 2026<\/time><\/li>\n<li><a class=\"wp-block-latest-posts__post-title\" href=\"https:\/\/sallesdangles.com\/index.php\/2026\/04\/08\/compte-rendu-reunion-de-conseil-du-17-fevrier-2026-2\/\">Compte-rendu r\u00e9union de conseil du 17 f\u00e9vrier 2026.<\/a><time datetime=\"2026-04-08T16:29:39+02:00\" class=\"wp-block-latest-posts__post-date\">8 avril 2026<\/time><\/li>\n<li><a class=\"wp-block-latest-posts__post-title\" href=\"https:\/\/sallesdangles.com\/index.php\/2026\/03\/18\/compte-rendu-reunion-de-conseil-du-17-fevrier-2026\/\">Compte-rendu r\u00e9union de conseil du 17 f\u00e9vrier 2026.<\/a><time datetime=\"2026-03-18T16:50:38+01:00\" class=\"wp-block-latest-posts__post-date\">18 mars 2026<\/time><\/li>\n<li><a class=\"wp-block-latest-posts__post-title\" href=\"https:\/\/sallesdangles.com\/index.php\/2026\/02\/26\/compte-rendu-reunion-de-conseil-du-20-janvier-2026\/\">compte-rendu r\u00e9union de conseil du 20 janvier 2026.<\/a><time datetime=\"2026-02-26T15:44:09+01:00\" class=\"wp-block-latest-posts__post-date\">26 f\u00e9vrier 2026<\/time><\/li>\n<li><a class=\"wp-block-latest-posts__post-title\" href=\"https:\/\/sallesdangles.com\/index.php\/2026\/02\/11\/alerte-meteorologique-niveau-orange-vent-violent-a-partir-du-mercredi-11-fevrier-2026\/\">ALERTE m\u00e9t\u00e9orologique niveau ORANGE : vent violent \u00e0 partir du mercredi 11 f\u00e9vrier 2026.<\/a><time datetime=\"2026-02-11T10:54:11+01:00\" class=\"wp-block-latest-posts__post-date\">11 f\u00e9vrier 2026<\/time><\/li>\n<li><a class=\"wp-block-latest-posts__post-title\" href=\"https:\/\/sallesdangles.com\/index.php\/2026\/01\/21\/compte-rendu-reunion-de-conseil-du-09-decembre-2025\/\">Compte-rendu r\u00e9union de conseil du 09 d\u00e9cembre 2025.<\/a><time datetime=\"2026-01-21T16:37:14+01:00\" class=\"wp-block-latest-posts__post-date\">21 janvier 2026<\/time><\/li>\n<li><a class=\"wp-block-latest-posts__post-title\" href=\"https:\/\/sallesdangles.com\/index.php\/2025\/12\/12\/compte-rendu-reunion-de-conseil-du-03-novembre-2025\/\">Compte-rendu r\u00e9union de conseil du 03 novembre 2025.<\/a><time datetime=\"2025-12-12T11:56:07+01:00\" class=\"wp-block-latest-posts__post-date\">12 d\u00e9cembre 2025<\/time><\/li>\n<li><a class=\"wp-block-latest-posts__post-title\" href=\"https:\/\/sallesdangles.com\/index.php\/2025\/11\/19\/telethon-2025\/\">TELETHON 2025<\/a><time datetime=\"2025-11-19T19:19:11+01:00\" class=\"wp-block-latest-posts__post-date\">19 novembre 2025<\/time><\/li>\n<li><a class=\"wp-block-latest-posts__post-title\" href=\"https:\/\/sallesdangles.com\/index.php\/2025\/09\/25\/compte-rendu-reunion-de-conseil-municipal-du-09-septembre-2025\/\">Compte-rendu r\u00e9union de conseil municipal du 09 septembre 2025.<\/a><time datetime=\"2025-09-25T13:51:55+02:00\" class=\"wp-block-latest-posts__post-date\">25 septembre 2025<\/time><\/li>\n<li><a class=\"wp-block-latest-posts__post-title\" href=\"https:\/\/sallesdangles.com\/index.php\/2025\/08\/20\/compte-rendu-reunion-de-conseil-exceptionnelle-du-18-aout-2025\/\">Compte-rendu r\u00e9union de conseil exceptionnelle du 18 ao\u00fbt 2025.<\/a><time datetime=\"2025-08-20T13:29:05+02:00\" class=\"wp-block-latest-posts__post-date\">20 ao\u00fbt 2025<\/time><\/li>\n<li><a class=\"wp-block-latest-posts__post-title\" href=\"https:\/\/sallesdangles.com\/index.php\/2025\/06\/30\/compte-rendu-reunion-de-conseil-du-18-juin-2025\/\">Compte-rendu r\u00e9union de conseil du 18 juin 2025.<\/a><time datetime=\"2025-06-30T12:41:12+02:00\" class=\"wp-block-latest-posts__post-date\">30 juin 2025<\/time><\/li>\n<\/ul>\n\n\n<p><\/p>\n","protected":false},"excerpt":{"rendered":"<p>Pr\u00e9sentation des \u00e9lus, liste des commissions, comptes-rendus des Conseils Municipaux L&rsquo;actualit\u00e9 des services de la commune R\u00e8glement int\u00e9rieur de la salle, tarifs de location, planning d&rsquo;utilisation Les cimeti\u00e8res de la commune, plans d&rsquo;acc\u00e8s Horaires d&rsquo;ouverture, services propos\u00e9s Services divers Pr\u00e9sence Verte Charente&nbsp;est une association \u00e0 but non lucratif (loi 1901), cr\u00e9\u00e9e en 1997, \u00e0 l\u2019initiative [&hellip;]<\/p>\n","protected":false},"author":3,"featured_media":64,"parent":0,"menu_order":0,"comment_status":"closed","ping_status":"closed","template":"","meta":{"footnotes":""},"class_list":["post-97","page","type-page","status-publish","has-post-thumbnail","hentry"],"_links":{"self":[{"href":"https:\/\/sallesdangles.com\/index.php\/wp-json\/wp\/v2\/pages\/97","targetHints":{"allow":["GET"]}}],"collection":[{"href":"https:\/\/sallesdangles.com\/index.php\/wp-json\/wp\/v2\/pages"}],"about":[{"href":"https:\/\/sallesdangles.com\/index.php\/wp-json\/wp\/v2\/types\/page"}],"author":[{"embeddable":true,"href":"https:\/\/sallesdangles.com\/index.php\/wp-json\/wp\/v2\/users\/3"}],"replies":[{"embeddable":true,"href":"https:\/\/sallesdangles.com\/index.php\/wp-json\/wp\/v2\/comments?post=97"}],"version-history":[{"count":51,"href":"https:\/\/sallesdangles.com\/index.php\/wp-json\/wp\/v2\/pages\/97\/revisions"}],"predecessor-version":[{"id":9832,"href":"https:\/\/sallesdangles.com\/index.php\/wp-json\/wp\/v2\/pages\/97\/revisions\/9832"}],"wp:featuredmedia":[{"embeddable":true,"href":"https:\/\/sallesdangles.com\/index.php\/wp-json\/wp\/v2\/media\/64"}],"wp:attachment":[{"href":"https:\/\/sallesdangles.com\/index.php\/wp-json\/wp\/v2\/media?parent=97"}],"curies":[{"name":"wp","href":"https:\/\/api.w.org\/{rel}","templated":true}]}}