{"id":99,"date":"2020-08-24T13:13:17","date_gmt":"2020-08-24T11:13:17","guid":{"rendered":"https:\/\/preversion.sallesdangles.com\/?page_id=99"},"modified":"2025-10-05T21:23:55","modified_gmt":"2025-10-05T19:23:55","slug":"vie-economique","status":"publish","type":"page","link":"https:\/\/sallesdangles.com\/index.php\/vie-economique\/","title":{"rendered":"Vie \u00e9conomique"},"content":{"rendered":"<ul class=\"wp-block-latest-posts__list is-grid columns-3 has-dates wp-block-latest-posts\"><li><div class=\"wp-block-latest-posts__featured-image alignleft\"><img loading=\"lazy\" decoding=\"async\" width=\"150\" height=\"150\" src=\"https:\/\/sallesdangles.com\/wp-content\/uploads\/2022\/05\/58481_979_creation-d-entreprise-150x150.jpg\" class=\"attachment-thumbnail size-thumbnail wp-post-image\" alt=\"\" style=\"\" \/><\/div><a class=\"wp-block-latest-posts__post-title\" href=\"https:\/\/sallesdangles.com\/index.php\/2022\/05\/15\/adel-croissance\/\">ADEL croissance<\/a><time datetime=\"2022-05-15T08:18:23+02:00\" class=\"wp-block-latest-posts__post-date\">15 mai 2022<\/time><\/li>\n<li><div class=\"wp-block-latest-posts__featured-image alignleft\"><img loading=\"lazy\" decoding=\"async\" width=\"150\" height=\"122\" src=\"https:\/\/sallesdangles.com\/wp-content\/uploads\/2021\/03\/proxi-150x122.gif\" class=\"attachment-thumbnail size-thumbnail wp-post-image\" alt=\"\" style=\"\" \/><\/div><a class=\"wp-block-latest-posts__post-title\" href=\"https:\/\/sallesdangles.com\/index.php\/2020\/04\/03\/proxi-vitre-de-protection-a-la-caisse\/\">Proxi &#8211; vitre de protection \u00e0 la caisse<\/a><time datetime=\"2020-04-03T17:00:00+02:00\" class=\"wp-block-latest-posts__post-date\">3 avril 2020<\/time><\/li>\n<li><div class=\"wp-block-latest-posts__featured-image alignleft\"><img loading=\"lazy\" decoding=\"async\" width=\"150\" height=\"150\" src=\"https:\/\/sallesdangles.com\/wp-content\/uploads\/2019\/07\/AD-LOGO-EXPERT-150x150.png\" class=\"attachment-thumbnail size-thumbnail wp-post-image\" alt=\"AD - LOGO EXPERT\" style=\"\" srcset=\"https:\/\/sallesdangles.com\/wp-content\/uploads\/2019\/07\/AD-LOGO-EXPERT-150x150.png 150w, https:\/\/sallesdangles.com\/wp-content\/uploads\/2019\/07\/AD-LOGO-EXPERT-300x300.png 300w, https:\/\/sallesdangles.com\/wp-content\/uploads\/2019\/07\/AD-LOGO-EXPERT.png 498w\" sizes=\"auto, (max-width: 150px) 100vw, 150px\" \/><\/div><a class=\"wp-block-latest-posts__post-title\" href=\"https:\/\/sallesdangles.com\/index.php\/2019\/07\/17\/garage-roturier\/\">GARAGE ROTURIER<\/a><time datetime=\"2019-07-17T15:14:17+02:00\" class=\"wp-block-latest-posts__post-date\">17 juillet 2019<\/time><\/li>\n<li><div class=\"wp-block-latest-posts__featured-image alignleft\"><img loading=\"lazy\" decoding=\"async\" width=\"150\" height=\"150\" src=\"https:\/\/sallesdangles.com\/wp-content\/uploads\/2019\/03\/le_salon_de_beaute_01635900_150433416-150x150.jpg\" class=\"attachment-thumbnail size-thumbnail wp-post-image\" alt=\"\" style=\"\" \/><\/div><a class=\"wp-block-latest-posts__post-title\" href=\"https:\/\/sallesdangles.com\/index.php\/2019\/03\/19\/un-institut-de-beaute-va-ouvrir-prochainement\/\">Un institut de beaut\u00e9 va ouvrir prochainement<\/a><time datetime=\"2019-03-19T19:09:51+01:00\" class=\"wp-block-latest-posts__post-date\">19 mars 2019<\/time><\/li>\n<li><div class=\"wp-block-latest-posts__featured-image alignleft\"><img loading=\"lazy\" decoding=\"async\" width=\"150\" height=\"150\" src=\"https:\/\/sallesdangles.com\/wp-content\/uploads\/2018\/11\/elagage-ordonnaud-150x150.png\" class=\"attachment-thumbnail size-thumbnail wp-post-image\" alt=\"elagage ordonnaud\" style=\"\" \/><\/div><a class=\"wp-block-latest-posts__post-title\" href=\"https:\/\/sallesdangles.com\/index.php\/2018\/11\/23\/tous-travaux-de-jardins\/\">Elagage et Abattage<\/a><time datetime=\"2018-11-23T07:11:44+01:00\" class=\"wp-block-latest-posts__post-date\">23 novembre 2018<\/time><\/li>\n<\/ul>\n\n\n<h2 class=\"wp-block-heading\">Boulangerie &#8211; Le Banetier de Daugas<\/h2>\n\n\n\n<figure class=\"wp-block-gallery has-nested-images columns-default is-cropped wp-block-gallery-1 is-layout-flex wp-block-gallery-is-layout-flex\">\n<figure class=\"wp-block-image size-medium\"><img loading=\"lazy\" decoding=\"async\" width=\"300\" height=\"172\" data-id=\"10438\" src=\"https:\/\/sallesdangles.com\/wp-content\/uploads\/2025\/10\/cid_image003_jpg@01DC3453-1-300x172.jpg\" alt=\"\" class=\"wp-image-10438\" srcset=\"https:\/\/sallesdangles.com\/wp-content\/uploads\/2025\/10\/cid_image003_jpg@01DC3453-1-300x172.jpg 300w, https:\/\/sallesdangles.com\/wp-content\/uploads\/2025\/10\/cid_image003_jpg@01DC3453-1-1024x588.jpg 1024w, https:\/\/sallesdangles.com\/wp-content\/uploads\/2025\/10\/cid_image003_jpg@01DC3453-1-768x441.jpg 768w, https:\/\/sallesdangles.com\/wp-content\/uploads\/2025\/10\/cid_image003_jpg@01DC3453-1-1536x882.jpg 1536w, https:\/\/sallesdangles.com\/wp-content\/uploads\/2025\/10\/cid_image003_jpg@01DC3453-1-2048x1176.jpg 2048w\" sizes=\"auto, (max-width: 300px) 100vw, 300px\" \/><\/figure>\n<\/figure>\n\n\n\n<p> 06 24 10 72 63<\/p>\n\n\n\n<p>Du lundi au samedi de 6H \u00e0 13H&nbsp;&nbsp;&nbsp; et de 16H30 \u00e0 19H<\/p>\n\n\n\n<p>Dimanche&nbsp;: 6H \u00e0 13H<\/p>\n","protected":false},"excerpt":{"rendered":"<p>Boulangerie &#8211; Le Banetier de Daugas 06 24 10 72 63 Du lundi au samedi de 6H \u00e0 13H&nbsp;&nbsp;&nbsp; et de 16H30 \u00e0 19H Dimanche&nbsp;: 6H \u00e0 13H<\/p>\n","protected":false},"author":6,"featured_media":58,"parent":0,"menu_order":0,"comment_status":"closed","ping_status":"closed","template":"","meta":{"footnotes":""},"class_list":["post-99","page","type-page","status-publish","has-post-thumbnail","hentry"],"_links":{"self":[{"href":"https:\/\/sallesdangles.com\/index.php\/wp-json\/wp\/v2\/pages\/99","targetHints":{"allow":["GET"]}}],"collection":[{"href":"https:\/\/sallesdangles.com\/index.php\/wp-json\/wp\/v2\/pages"}],"about":[{"href":"https:\/\/sallesdangles.com\/index.php\/wp-json\/wp\/v2\/types\/page"}],"author":[{"embeddable":true,"href":"https:\/\/sallesdangles.com\/index.php\/wp-json\/wp\/v2\/users\/6"}],"replies":[{"embeddable":true,"href":"https:\/\/sallesdangles.com\/index.php\/wp-json\/wp\/v2\/comments?post=99"}],"version-history":[{"count":8,"href":"https:\/\/sallesdangles.com\/index.php\/wp-json\/wp\/v2\/pages\/99\/revisions"}],"predecessor-version":[{"id":10442,"href":"https:\/\/sallesdangles.com\/index.php\/wp-json\/wp\/v2\/pages\/99\/revisions\/10442"}],"wp:featuredmedia":[{"embeddable":true,"href":"https:\/\/sallesdangles.com\/index.php\/wp-json\/wp\/v2\/media\/58"}],"wp:attachment":[{"href":"https:\/\/sallesdangles.com\/index.php\/wp-json\/wp\/v2\/media?parent=99"}],"curies":[{"name":"wp","href":"https:\/\/api.w.org\/{rel}","templated":true}]}}